{"id":6514,"date":"2020-09-27T18:54:42","date_gmt":"2020-09-27T18:54:42","guid":{"rendered":"https:\/\/eoloceramica.com\/es\/?post_type=product&#038;p=6514"},"modified":"2025-05-01T18:56:43","modified_gmt":"2025-05-01T18:56:43","slug":"escultura-decorativa-mujer-eoliana","status":"publish","type":"product","link":"https:\/\/eoloceramica.com\/es\/producto\/mujer-eoliana\/","title":{"rendered":"Escultura Decorativa Mujer Eoliana"},"content":{"rendered":"<p><\/p>\n<h2><strong>Descripci\u00f3n\u00a0<\/strong><\/h2>\n<p>Una figura con la perspectiva de una artista, la esencia\u00a0 de la feminidad a trav\u00e9s de una representaci\u00f3n, de esta manera damos vida a una idea, de la misma manera podemos desarrollar tu idea o representaci\u00f3n de lugares, pensamientos o vivencias.<\/p>\n<p>Cons\u00faltanos y te contaremos como la desarrollaremos.<\/p>\n<h2><strong>Caracter\u00edsticas<\/strong><\/h2>\n<p>Tama\u00f1o: 22x47cm.<\/p>\n<p>Figura modelada con arcilla refractaria, primera cocci\u00f3n a 1000\u00ba y vidriado a 1060\u00ba<\/p>\n<p>Los tama\u00f1os son siempre aproximados.<\/p>","protected":false},"excerpt":{"rendered":"<p>Figura de mujer modelada en tonos rojos<\/p>\n","protected":false},"featured_media":6515,"comment_status":"closed","ping_status":"closed","template":"","meta":[],"product_brand":[],"product_cat":[64,69],"product_tag":[],"class_list":{"0":"post-6514","1":"product","2":"type-product","3":"status-publish","4":"has-post-thumbnail","6":"product_cat-decoracion","7":"product_cat-esculturas","9":"first","10":"instock","11":"shipping-taxable","12":"purchasable","13":"product-type-simple"},"yoast_head":"<!-- This site is optimized with the Yoast SEO plugin v27.3 - https:\/\/yoast.com\/product\/yoast-seo-wordpress\/ -->\n<title>Escultura Decorativa Mujer Eoliana - Eolo Cer\u00e1mica<\/title>\n<meta name=\"description\" content=\"Una figura con la perspectiva de una artista, la esencia\u00a0 de la feminidad a trav\u00e9s de una representaci\u00f3n, de esta manera damos vida a una idea, de la misma manera podemos desarrollar tu idea o representaci\u00f3n de lugares, pensamientos o vivencias.\u00a0\" \/>\n<meta name=\"robots\" content=\"index, follow, max-snippet:-1, max-image-preview:large, max-video-preview:-1\" \/>\n<link rel=\"canonical\" href=\"https:\/\/eoloceramica.com\/es\/producto\/mujer-eoliana\/\" \/>\n<meta property=\"og:locale\" content=\"es_ES\" \/>\n<meta property=\"og:type\" content=\"article\" \/>\n<meta property=\"og:title\" content=\"Escultura Decorativa Mujer Eoliana - Eolo Cer\u00e1mica\" \/>\n<meta property=\"og:description\" content=\"Una figura con la perspectiva de una artista, la esencia\u00a0 de la feminidad a trav\u00e9s de una representaci\u00f3n, de esta manera damos vida a una idea, de la misma manera podemos desarrollar tu idea o representaci\u00f3n de lugares, pensamientos o vivencias.\u00a0\" \/>\n<meta property=\"og:url\" content=\"https:\/\/eoloceramica.com\/es\/producto\/mujer-eoliana\/\" \/>\n<meta property=\"og:site_name\" content=\"Eolo Cer\u00e1mica\" \/>\n<meta property=\"article:modified_time\" content=\"2025-05-01T18:56:43+00:00\" \/>\n<meta property=\"og:image\" content=\"https:\/\/eoloceramica.com\/wp-content\/uploads\/2020\/09\/eolo_ceramica_woman.jpg\" \/>\n\t<meta property=\"og:image:width\" content=\"1200\" \/>\n\t<meta property=\"og:image:height\" content=\"1200\" \/>\n\t<meta property=\"og:image:type\" content=\"image\/jpeg\" \/>\n<meta name=\"twitter:card\" content=\"summary_large_image\" \/>\n<script type=\"application\/ld+json\" class=\"yoast-schema-graph\">{\"@context\":\"https:\\\/\\\/schema.org\",\"@graph\":[{\"@type\":\"WebPage\",\"@id\":\"https:\\\/\\\/eoloceramica.com\\\/es\\\/producto\\\/mujer-eoliana\\\/\",\"url\":\"https:\\\/\\\/eoloceramica.com\\\/es\\\/producto\\\/mujer-eoliana\\\/\",\"name\":\"Escultura Decorativa Mujer Eoliana - Eolo Cer\u00e1mica\",\"isPartOf\":{\"@id\":\"https:\\\/\\\/eoloceramica.com\\\/es\\\/#website\"},\"primaryImageOfPage\":{\"@id\":\"https:\\\/\\\/eoloceramica.com\\\/es\\\/producto\\\/mujer-eoliana\\\/#primaryimage\"},\"image\":{\"@id\":\"https:\\\/\\\/eoloceramica.com\\\/es\\\/producto\\\/mujer-eoliana\\\/#primaryimage\"},\"thumbnailUrl\":\"https:\\\/\\\/eoloceramica.com\\\/wp-content\\\/uploads\\\/2020\\\/09\\\/eolo_ceramica_woman.jpg\",\"datePublished\":\"2020-09-27T18:54:42+00:00\",\"dateModified\":\"2025-05-01T18:56:43+00:00\",\"description\":\"Una figura con la perspectiva de una artista, la esencia\u00a0 de la feminidad a trav\u00e9s de una representaci\u00f3n, de esta manera damos vida a una idea, de la misma manera podemos desarrollar tu idea o representaci\u00f3n de lugares, pensamientos o vivencias.\u00a0\",\"breadcrumb\":{\"@id\":\"https:\\\/\\\/eoloceramica.com\\\/es\\\/producto\\\/mujer-eoliana\\\/#breadcrumb\"},\"inLanguage\":\"es\",\"potentialAction\":[{\"@type\":\"ReadAction\",\"target\":[[\"https:\\\/\\\/eoloceramica.com\\\/es\\\/producto\\\/mujer-eoliana\\\/\"]]}]},{\"@type\":\"ImageObject\",\"inLanguage\":\"es\",\"@id\":\"https:\\\/\\\/eoloceramica.com\\\/es\\\/producto\\\/mujer-eoliana\\\/#primaryimage\",\"url\":\"https:\\\/\\\/eoloceramica.com\\\/wp-content\\\/uploads\\\/2020\\\/09\\\/eolo_ceramica_woman.jpg\",\"contentUrl\":\"https:\\\/\\\/eoloceramica.com\\\/wp-content\\\/uploads\\\/2020\\\/09\\\/eolo_ceramica_woman.jpg\",\"width\":1200,\"height\":1200},{\"@type\":\"BreadcrumbList\",\"@id\":\"https:\\\/\\\/eoloceramica.com\\\/es\\\/producto\\\/mujer-eoliana\\\/#breadcrumb\",\"itemListElement\":[{\"@type\":\"ListItem\",\"position\":1,\"name\":\"Portada\",\"item\":\"https:\\\/\\\/eoloceramica.com\\\/es\\\/\"},{\"@type\":\"ListItem\",\"position\":2,\"name\":\"Tienda\",\"item\":\"https:\\\/\\\/eoloceramica.com\\\/es\\\/tienda\\\/\"},{\"@type\":\"ListItem\",\"position\":3,\"name\":\"Escultura Decorativa Mujer Eoliana\"}]},{\"@type\":\"WebSite\",\"@id\":\"https:\\\/\\\/eoloceramica.com\\\/es\\\/#website\",\"url\":\"https:\\\/\\\/eoloceramica.com\\\/es\\\/\",\"name\":\"Eolo Cer\u00e1mica\",\"description\":\"\",\"potentialAction\":[{\"@type\":\"SearchAction\",\"target\":{\"@type\":\"EntryPoint\",\"urlTemplate\":\"https:\\\/\\\/eoloceramica.com\\\/es\\\/?s={search_term_string}\"},\"query-input\":{\"@type\":\"PropertyValueSpecification\",\"valueRequired\":true,\"valueName\":\"search_term_string\"}}],\"inLanguage\":\"es\"}]}<\/script>\n<!-- \/ Yoast SEO plugin. -->","yoast_head_json":{"title":"Escultura Decorativa Mujer Eoliana - Eolo Cer\u00e1mica","description":"Una figura con la perspectiva de una artista, la esencia\u00a0 de la feminidad a trav\u00e9s de una representaci\u00f3n, de esta manera damos vida a una idea, de la misma manera podemos desarrollar tu idea o representaci\u00f3n de lugares, pensamientos o vivencias.\u00a0","robots":{"index":"index","follow":"follow","max-snippet":"max-snippet:-1","max-image-preview":"max-image-preview:large","max-video-preview":"max-video-preview:-1"},"canonical":"https:\/\/eoloceramica.com\/es\/producto\/mujer-eoliana\/","og_locale":"es_ES","og_type":"article","og_title":"Escultura Decorativa Mujer Eoliana - Eolo Cer\u00e1mica","og_description":"Una figura con la perspectiva de una artista, la esencia\u00a0 de la feminidad a trav\u00e9s de una representaci\u00f3n, de esta manera damos vida a una idea, de la misma manera podemos desarrollar tu idea o representaci\u00f3n de lugares, pensamientos o vivencias.\u00a0","og_url":"https:\/\/eoloceramica.com\/es\/producto\/mujer-eoliana\/","og_site_name":"Eolo Cer\u00e1mica","article_modified_time":"2025-05-01T18:56:43+00:00","og_image":[{"width":1200,"height":1200,"url":"https:\/\/eoloceramica.com\/wp-content\/uploads\/2020\/09\/eolo_ceramica_woman.jpg","type":"image\/jpeg"}],"twitter_card":"summary_large_image","schema":{"@context":"https:\/\/schema.org","@graph":[{"@type":"WebPage","@id":"https:\/\/eoloceramica.com\/es\/producto\/mujer-eoliana\/","url":"https:\/\/eoloceramica.com\/es\/producto\/mujer-eoliana\/","name":"Escultura Decorativa Mujer Eoliana - Eolo Cer\u00e1mica","isPartOf":{"@id":"https:\/\/eoloceramica.com\/es\/#website"},"primaryImageOfPage":{"@id":"https:\/\/eoloceramica.com\/es\/producto\/mujer-eoliana\/#primaryimage"},"image":{"@id":"https:\/\/eoloceramica.com\/es\/producto\/mujer-eoliana\/#primaryimage"},"thumbnailUrl":"https:\/\/eoloceramica.com\/wp-content\/uploads\/2020\/09\/eolo_ceramica_woman.jpg","datePublished":"2020-09-27T18:54:42+00:00","dateModified":"2025-05-01T18:56:43+00:00","description":"Una figura con la perspectiva de una artista, la esencia\u00a0 de la feminidad a trav\u00e9s de una representaci\u00f3n, de esta manera damos vida a una idea, de la misma manera podemos desarrollar tu idea o representaci\u00f3n de lugares, pensamientos o vivencias.\u00a0","breadcrumb":{"@id":"https:\/\/eoloceramica.com\/es\/producto\/mujer-eoliana\/#breadcrumb"},"inLanguage":"es","potentialAction":[{"@type":"ReadAction","target":[["https:\/\/eoloceramica.com\/es\/producto\/mujer-eoliana\/"]]}]},{"@type":"ImageObject","inLanguage":"es","@id":"https:\/\/eoloceramica.com\/es\/producto\/mujer-eoliana\/#primaryimage","url":"https:\/\/eoloceramica.com\/wp-content\/uploads\/2020\/09\/eolo_ceramica_woman.jpg","contentUrl":"https:\/\/eoloceramica.com\/wp-content\/uploads\/2020\/09\/eolo_ceramica_woman.jpg","width":1200,"height":1200},{"@type":"BreadcrumbList","@id":"https:\/\/eoloceramica.com\/es\/producto\/mujer-eoliana\/#breadcrumb","itemListElement":[{"@type":"ListItem","position":1,"name":"Portada","item":"https:\/\/eoloceramica.com\/es\/"},{"@type":"ListItem","position":2,"name":"Tienda","item":"https:\/\/eoloceramica.com\/es\/tienda\/"},{"@type":"ListItem","position":3,"name":"Escultura Decorativa Mujer Eoliana"}]},{"@type":"WebSite","@id":"https:\/\/eoloceramica.com\/es\/#website","url":"https:\/\/eoloceramica.com\/es\/","name":"Eolo Cer\u00e1mica","description":"","potentialAction":[{"@type":"SearchAction","target":{"@type":"EntryPoint","urlTemplate":"https:\/\/eoloceramica.com\/es\/?s={search_term_string}"},"query-input":{"@type":"PropertyValueSpecification","valueRequired":true,"valueName":"search_term_string"}}],"inLanguage":"es"}]}},"_links":{"self":[{"href":"https:\/\/eoloceramica.com\/es\/wp-json\/wp\/v2\/product\/6514","targetHints":{"allow":["GET"]}}],"collection":[{"href":"https:\/\/eoloceramica.com\/es\/wp-json\/wp\/v2\/product"}],"about":[{"href":"https:\/\/eoloceramica.com\/es\/wp-json\/wp\/v2\/types\/product"}],"replies":[{"embeddable":true,"href":"https:\/\/eoloceramica.com\/es\/wp-json\/wp\/v2\/comments?post=6514"}],"wp:featuredmedia":[{"embeddable":true,"href":"https:\/\/eoloceramica.com\/es\/wp-json\/wp\/v2\/media\/6515"}],"wp:attachment":[{"href":"https:\/\/eoloceramica.com\/es\/wp-json\/wp\/v2\/media?parent=6514"}],"wp:term":[{"taxonomy":"product_brand","embeddable":true,"href":"https:\/\/eoloceramica.com\/es\/wp-json\/wp\/v2\/product_brand?post=6514"},{"taxonomy":"product_cat","embeddable":true,"href":"https:\/\/eoloceramica.com\/es\/wp-json\/wp\/v2\/product_cat?post=6514"},{"taxonomy":"product_tag","embeddable":true,"href":"https:\/\/eoloceramica.com\/es\/wp-json\/wp\/v2\/product_tag?post=6514"}],"curies":[{"name":"wp","href":"https:\/\/api.w.org\/{rel}","templated":true}]}}