{"id":6183,"date":"2020-09-20T19:27:32","date_gmt":"2020-09-20T19:27:32","guid":{"rendered":"https:\/\/eoloceramica.com\/es\/?post_type=product&#038;p=6183"},"modified":"2025-05-01T19:04:56","modified_gmt":"2025-05-01T19:04:56","slug":"buceadora","status":"publish","type":"product","link":"https:\/\/eoloceramica.com\/es\/producto\/buceadora\/","title":{"rendered":"Escultura Decorativa Buceadora"},"content":{"rendered":"<p>Escultura Decorativa Buceadora, perfecta para exaltar tu oficio en tu hogar u oficina.<\/p>\n<p>Tama\u00f1o aproximado: 31x9cm.<\/p>\n<p>Figura modelada con arcilla refractaria, primera cocci\u00f3n a 1000\u00ba y vidriado a 1060\u00ba<br \/>\nLas figuras se puede personalizar<\/p>\n<p>El hombre sentado tambi\u00e9n est\u00e1 disponible: 30x12cm. , hombre de pie: 32x12cm. o mujer sentada: 31x9cm. Solicite informaci\u00f3n sobre disponibilidad.<\/p>\n<p>Los tama\u00f1os son siempre aproximados<\/p>","protected":false},"excerpt":{"rendered":"<p>Figura de buceadora de pie<\/p>\n","protected":false},"featured_media":6446,"comment_status":"closed","ping_status":"closed","template":"","meta":[],"product_brand":[],"product_cat":[62],"product_tag":[],"class_list":{"0":"post-6183","1":"product","2":"type-product","3":"status-publish","4":"has-post-thumbnail","6":"product_cat-coleccion-oficios","8":"first","9":"instock","10":"shipping-taxable","11":"purchasable","12":"product-type-simple"},"yoast_head":"<!-- This site is optimized with the Yoast SEO plugin v27.3 - https:\/\/yoast.com\/product\/yoast-seo-wordpress\/ -->\n<title>Escultura Decorativa Buceadora<\/title>\n<meta name=\"description\" content=\"Escultura Decorativa Buceadora, perfecta para exaltar tu oficio en tu hogar u oficina.\" \/>\n<meta name=\"robots\" content=\"index, follow, max-snippet:-1, max-image-preview:large, max-video-preview:-1\" \/>\n<link rel=\"canonical\" href=\"https:\/\/eoloceramica.com\/es\/producto\/buceadora\/\" \/>\n<meta property=\"og:locale\" content=\"es_ES\" \/>\n<meta property=\"og:type\" content=\"article\" \/>\n<meta property=\"og:title\" content=\"Escultura Decorativa Buceadora\" \/>\n<meta property=\"og:description\" content=\"Escultura Decorativa Buceadora, perfecta para exaltar tu oficio en tu hogar u oficina.\" \/>\n<meta property=\"og:url\" content=\"https:\/\/eoloceramica.com\/es\/producto\/buceadora\/\" \/>\n<meta property=\"og:site_name\" content=\"Eolo Cer\u00e1mica\" \/>\n<meta property=\"article:modified_time\" content=\"2025-05-01T19:04:56+00:00\" \/>\n<meta property=\"og:image\" content=\"https:\/\/eoloceramica.com\/wp-content\/uploads\/2020\/09\/eolo_ceramica_buceo_murcia-2.jpg\" \/>\n\t<meta property=\"og:image:width\" content=\"640\" \/>\n\t<meta property=\"og:image:height\" content=\"640\" \/>\n\t<meta property=\"og:image:type\" content=\"image\/jpeg\" \/>\n<meta name=\"twitter:card\" content=\"summary_large_image\" \/>\n<meta name=\"twitter:label1\" content=\"Tiempo de lectura\" \/>\n\t<meta name=\"twitter:data1\" content=\"1 minuto\" \/>\n<script type=\"application\/ld+json\" class=\"yoast-schema-graph\">{\"@context\":\"https:\\\/\\\/schema.org\",\"@graph\":[{\"@type\":\"WebPage\",\"@id\":\"https:\\\/\\\/eoloceramica.com\\\/es\\\/producto\\\/buceadora\\\/\",\"url\":\"https:\\\/\\\/eoloceramica.com\\\/es\\\/producto\\\/buceadora\\\/\",\"name\":\"Escultura Decorativa Buceadora\",\"isPartOf\":{\"@id\":\"https:\\\/\\\/eoloceramica.com\\\/es\\\/#website\"},\"primaryImageOfPage\":{\"@id\":\"https:\\\/\\\/eoloceramica.com\\\/es\\\/producto\\\/buceadora\\\/#primaryimage\"},\"image\":{\"@id\":\"https:\\\/\\\/eoloceramica.com\\\/es\\\/producto\\\/buceadora\\\/#primaryimage\"},\"thumbnailUrl\":\"https:\\\/\\\/eoloceramica.com\\\/wp-content\\\/uploads\\\/2020\\\/09\\\/eolo_ceramica_buceo_murcia-2.jpg\",\"datePublished\":\"2020-09-20T19:27:32+00:00\",\"dateModified\":\"2025-05-01T19:04:56+00:00\",\"description\":\"Escultura Decorativa Buceadora, perfecta para exaltar tu oficio en tu hogar u oficina.\",\"breadcrumb\":{\"@id\":\"https:\\\/\\\/eoloceramica.com\\\/es\\\/producto\\\/buceadora\\\/#breadcrumb\"},\"inLanguage\":\"es\",\"potentialAction\":[{\"@type\":\"ReadAction\",\"target\":[[\"https:\\\/\\\/eoloceramica.com\\\/es\\\/producto\\\/buceadora\\\/\"]]}]},{\"@type\":\"ImageObject\",\"inLanguage\":\"es\",\"@id\":\"https:\\\/\\\/eoloceramica.com\\\/es\\\/producto\\\/buceadora\\\/#primaryimage\",\"url\":\"https:\\\/\\\/eoloceramica.com\\\/wp-content\\\/uploads\\\/2020\\\/09\\\/eolo_ceramica_buceo_murcia-2.jpg\",\"contentUrl\":\"https:\\\/\\\/eoloceramica.com\\\/wp-content\\\/uploads\\\/2020\\\/09\\\/eolo_ceramica_buceo_murcia-2.jpg\",\"width\":640,\"height\":640},{\"@type\":\"BreadcrumbList\",\"@id\":\"https:\\\/\\\/eoloceramica.com\\\/es\\\/producto\\\/buceadora\\\/#breadcrumb\",\"itemListElement\":[{\"@type\":\"ListItem\",\"position\":1,\"name\":\"Portada\",\"item\":\"https:\\\/\\\/eoloceramica.com\\\/es\\\/\"},{\"@type\":\"ListItem\",\"position\":2,\"name\":\"Tienda\",\"item\":\"https:\\\/\\\/eoloceramica.com\\\/es\\\/tienda\\\/\"},{\"@type\":\"ListItem\",\"position\":3,\"name\":\"Escultura Decorativa Buceadora\"}]},{\"@type\":\"WebSite\",\"@id\":\"https:\\\/\\\/eoloceramica.com\\\/es\\\/#website\",\"url\":\"https:\\\/\\\/eoloceramica.com\\\/es\\\/\",\"name\":\"Eolo Cer\u00e1mica\",\"description\":\"\",\"potentialAction\":[{\"@type\":\"SearchAction\",\"target\":{\"@type\":\"EntryPoint\",\"urlTemplate\":\"https:\\\/\\\/eoloceramica.com\\\/es\\\/?s={search_term_string}\"},\"query-input\":{\"@type\":\"PropertyValueSpecification\",\"valueRequired\":true,\"valueName\":\"search_term_string\"}}],\"inLanguage\":\"es\"}]}<\/script>\n<!-- \/ Yoast SEO plugin. -->","yoast_head_json":{"title":"Escultura Decorativa Buceadora","description":"Escultura Decorativa Buceadora, perfecta para exaltar tu oficio en tu hogar u oficina.","robots":{"index":"index","follow":"follow","max-snippet":"max-snippet:-1","max-image-preview":"max-image-preview:large","max-video-preview":"max-video-preview:-1"},"canonical":"https:\/\/eoloceramica.com\/es\/producto\/buceadora\/","og_locale":"es_ES","og_type":"article","og_title":"Escultura Decorativa Buceadora","og_description":"Escultura Decorativa Buceadora, perfecta para exaltar tu oficio en tu hogar u oficina.","og_url":"https:\/\/eoloceramica.com\/es\/producto\/buceadora\/","og_site_name":"Eolo Cer\u00e1mica","article_modified_time":"2025-05-01T19:04:56+00:00","og_image":[{"width":640,"height":640,"url":"https:\/\/eoloceramica.com\/wp-content\/uploads\/2020\/09\/eolo_ceramica_buceo_murcia-2.jpg","type":"image\/jpeg"}],"twitter_card":"summary_large_image","twitter_misc":{"Tiempo de lectura":"1 minuto"},"schema":{"@context":"https:\/\/schema.org","@graph":[{"@type":"WebPage","@id":"https:\/\/eoloceramica.com\/es\/producto\/buceadora\/","url":"https:\/\/eoloceramica.com\/es\/producto\/buceadora\/","name":"Escultura Decorativa Buceadora","isPartOf":{"@id":"https:\/\/eoloceramica.com\/es\/#website"},"primaryImageOfPage":{"@id":"https:\/\/eoloceramica.com\/es\/producto\/buceadora\/#primaryimage"},"image":{"@id":"https:\/\/eoloceramica.com\/es\/producto\/buceadora\/#primaryimage"},"thumbnailUrl":"https:\/\/eoloceramica.com\/wp-content\/uploads\/2020\/09\/eolo_ceramica_buceo_murcia-2.jpg","datePublished":"2020-09-20T19:27:32+00:00","dateModified":"2025-05-01T19:04:56+00:00","description":"Escultura Decorativa Buceadora, perfecta para exaltar tu oficio en tu hogar u oficina.","breadcrumb":{"@id":"https:\/\/eoloceramica.com\/es\/producto\/buceadora\/#breadcrumb"},"inLanguage":"es","potentialAction":[{"@type":"ReadAction","target":[["https:\/\/eoloceramica.com\/es\/producto\/buceadora\/"]]}]},{"@type":"ImageObject","inLanguage":"es","@id":"https:\/\/eoloceramica.com\/es\/producto\/buceadora\/#primaryimage","url":"https:\/\/eoloceramica.com\/wp-content\/uploads\/2020\/09\/eolo_ceramica_buceo_murcia-2.jpg","contentUrl":"https:\/\/eoloceramica.com\/wp-content\/uploads\/2020\/09\/eolo_ceramica_buceo_murcia-2.jpg","width":640,"height":640},{"@type":"BreadcrumbList","@id":"https:\/\/eoloceramica.com\/es\/producto\/buceadora\/#breadcrumb","itemListElement":[{"@type":"ListItem","position":1,"name":"Portada","item":"https:\/\/eoloceramica.com\/es\/"},{"@type":"ListItem","position":2,"name":"Tienda","item":"https:\/\/eoloceramica.com\/es\/tienda\/"},{"@type":"ListItem","position":3,"name":"Escultura Decorativa Buceadora"}]},{"@type":"WebSite","@id":"https:\/\/eoloceramica.com\/es\/#website","url":"https:\/\/eoloceramica.com\/es\/","name":"Eolo Cer\u00e1mica","description":"","potentialAction":[{"@type":"SearchAction","target":{"@type":"EntryPoint","urlTemplate":"https:\/\/eoloceramica.com\/es\/?s={search_term_string}"},"query-input":{"@type":"PropertyValueSpecification","valueRequired":true,"valueName":"search_term_string"}}],"inLanguage":"es"}]}},"_links":{"self":[{"href":"https:\/\/eoloceramica.com\/es\/wp-json\/wp\/v2\/product\/6183","targetHints":{"allow":["GET"]}}],"collection":[{"href":"https:\/\/eoloceramica.com\/es\/wp-json\/wp\/v2\/product"}],"about":[{"href":"https:\/\/eoloceramica.com\/es\/wp-json\/wp\/v2\/types\/product"}],"replies":[{"embeddable":true,"href":"https:\/\/eoloceramica.com\/es\/wp-json\/wp\/v2\/comments?post=6183"}],"wp:featuredmedia":[{"embeddable":true,"href":"https:\/\/eoloceramica.com\/es\/wp-json\/wp\/v2\/media\/6446"}],"wp:attachment":[{"href":"https:\/\/eoloceramica.com\/es\/wp-json\/wp\/v2\/media?parent=6183"}],"wp:term":[{"taxonomy":"product_brand","embeddable":true,"href":"https:\/\/eoloceramica.com\/es\/wp-json\/wp\/v2\/product_brand?post=6183"},{"taxonomy":"product_cat","embeddable":true,"href":"https:\/\/eoloceramica.com\/es\/wp-json\/wp\/v2\/product_cat?post=6183"},{"taxonomy":"product_tag","embeddable":true,"href":"https:\/\/eoloceramica.com\/es\/wp-json\/wp\/v2\/product_tag?post=6183"}],"curies":[{"name":"wp","href":"https:\/\/api.w.org\/{rel}","templated":true}]}}