{"id":5489,"date":"2020-09-18T21:15:00","date_gmt":"2020-09-18T21:15:00","guid":{"rendered":"https:\/\/eoloceramica.com\/es\/producto\/mujeres-con-estampado-eolo\/"},"modified":"2022-03-24T11:22:43","modified_gmt":"2022-03-24T11:22:43","slug":"escultura-mujeres-con-estampado-eolo","status":"publish","type":"product","link":"https:\/\/eoloceramica.com\/es\/producto\/mujer-estampado-eolo\/","title":{"rendered":"Escultura Mujer estampado Eolo"},"content":{"rendered":"<p><\/p>\n<h2>Descripci\u00f3n<\/h2>\n<p>Una mujer llena de color, expresividad y otros elementos representados en esta escultura, desarrollamos tus ideas, momentos y espacios a trav\u00e9s de diferentes elementos, como lo son esculturas, centros de mesa, murales, espejos, entre otros, para personalizar y ambientar tus espacios convirti\u00e9ndolos en lugares de inspiraci\u00f3n.<\/p>\n<h2>Caracter\u00edsticas<\/h2>\n<p>Tama\u00f1o: 24x47cm.<\/p>\n<p>Figura modelada con arcilla refractaria, primera cocci\u00f3n a 1000\u00ba y vidriado a 1060\u00ba<\/p>\n<p>Bajo demanda est\u00e1n disponibles en tonos azules,rojos o verdes,cada figura es \u00fanica. Solicite informaci\u00f3n.<\/p>\n<p>Los tama\u00f1os son siempre aproximados.<\/p>\n<p>&nbsp;<\/p>","protected":false},"excerpt":{"rendered":"<p>Descripci\u00f3n Una mujer llena de color, expresividad y otros elementos representados en esta escultura, desarrollamos tus ideas, momentos y espacios a trav\u00e9s de diferentes elementos, como lo son esculturas, centros de mesa, murales, espejos, entre otros, para personalizar y ambientar tus espacios convirti\u00e9ndolos en lugares de inspiraci\u00f3n. Caracter\u00edsticas Tama\u00f1o: 24x47cm. Figura modelada con arcilla refractaria, [&hellip;]<\/p>\n","protected":false},"featured_media":6308,"comment_status":"closed","ping_status":"closed","template":"","meta":[],"product_brand":[],"product_cat":[64,69],"product_tag":[],"class_list":{"0":"post-5489","1":"product","2":"type-product","3":"status-publish","4":"has-post-thumbnail","6":"product_cat-decoracion","7":"product_cat-esculturas","9":"first","10":"onbackorder","11":"featured","12":"shipping-taxable","13":"purchasable","14":"product-type-simple"},"yoast_head":"<!-- This site is optimized with the Yoast SEO plugin v27.3 - https:\/\/yoast.com\/product\/yoast-seo-wordpress\/ -->\n<title>Escultura Mujer estampado Eolo - Eolo Cer\u00e1mica<\/title>\n<meta name=\"description\" content=\"Escultura Mujer estampado Eolo - Eolo Cer\u00e1mica\" \/>\n<meta name=\"robots\" content=\"index, follow, max-snippet:-1, max-image-preview:large, max-video-preview:-1\" \/>\n<link rel=\"canonical\" href=\"https:\/\/eoloceramica.com\/es\/producto\/mujer-estampado-eolo\/\" \/>\n<meta property=\"og:locale\" content=\"es_ES\" \/>\n<meta property=\"og:type\" content=\"article\" \/>\n<meta property=\"og:title\" content=\"Escultura Mujer estampado Eolo - Eolo Cer\u00e1mica\" \/>\n<meta property=\"og:description\" content=\"Escultura Mujer estampado Eolo - Eolo Cer\u00e1mica\" \/>\n<meta property=\"og:url\" content=\"https:\/\/eoloceramica.com\/es\/producto\/mujer-estampado-eolo\/\" \/>\n<meta property=\"og:site_name\" content=\"Eolo Cer\u00e1mica\" \/>\n<meta property=\"article:modified_time\" content=\"2022-03-24T11:22:43+00:00\" \/>\n<meta property=\"og:image\" content=\"https:\/\/eoloceramica.com\/wp-content\/uploads\/2020\/09\/eolo_ceramica_mujer_-azul.jpg\" \/>\n\t<meta property=\"og:image:width\" content=\"900\" \/>\n\t<meta property=\"og:image:height\" content=\"900\" \/>\n\t<meta property=\"og:image:type\" content=\"image\/jpeg\" \/>\n<meta name=\"twitter:card\" content=\"summary_large_image\" \/>\n<meta name=\"twitter:label1\" content=\"Tiempo de lectura\" \/>\n\t<meta name=\"twitter:data1\" content=\"1 minuto\" \/>\n<script type=\"application\/ld+json\" class=\"yoast-schema-graph\">{\"@context\":\"https:\\\/\\\/schema.org\",\"@graph\":[{\"@type\":\"WebPage\",\"@id\":\"https:\\\/\\\/eoloceramica.com\\\/es\\\/producto\\\/mujer-estampado-eolo\\\/\",\"url\":\"https:\\\/\\\/eoloceramica.com\\\/es\\\/producto\\\/mujer-estampado-eolo\\\/\",\"name\":\"Escultura Mujer estampado Eolo - Eolo Cer\u00e1mica\",\"isPartOf\":{\"@id\":\"https:\\\/\\\/eoloceramica.com\\\/es\\\/#website\"},\"primaryImageOfPage\":{\"@id\":\"https:\\\/\\\/eoloceramica.com\\\/es\\\/producto\\\/mujer-estampado-eolo\\\/#primaryimage\"},\"image\":{\"@id\":\"https:\\\/\\\/eoloceramica.com\\\/es\\\/producto\\\/mujer-estampado-eolo\\\/#primaryimage\"},\"thumbnailUrl\":\"https:\\\/\\\/eoloceramica.com\\\/wp-content\\\/uploads\\\/2020\\\/09\\\/eolo_ceramica_mujer_-azul.jpg\",\"datePublished\":\"2020-09-18T21:15:00+00:00\",\"dateModified\":\"2022-03-24T11:22:43+00:00\",\"description\":\"Escultura Mujer estampado Eolo - Eolo Cer\u00e1mica\",\"breadcrumb\":{\"@id\":\"https:\\\/\\\/eoloceramica.com\\\/es\\\/producto\\\/mujer-estampado-eolo\\\/#breadcrumb\"},\"inLanguage\":\"es\",\"potentialAction\":[{\"@type\":\"ReadAction\",\"target\":[[\"https:\\\/\\\/eoloceramica.com\\\/es\\\/producto\\\/mujer-estampado-eolo\\\/\"]]}]},{\"@type\":\"ImageObject\",\"inLanguage\":\"es\",\"@id\":\"https:\\\/\\\/eoloceramica.com\\\/es\\\/producto\\\/mujer-estampado-eolo\\\/#primaryimage\",\"url\":\"https:\\\/\\\/eoloceramica.com\\\/wp-content\\\/uploads\\\/2020\\\/09\\\/eolo_ceramica_mujer_-azul.jpg\",\"contentUrl\":\"https:\\\/\\\/eoloceramica.com\\\/wp-content\\\/uploads\\\/2020\\\/09\\\/eolo_ceramica_mujer_-azul.jpg\",\"width\":900,\"height\":900},{\"@type\":\"BreadcrumbList\",\"@id\":\"https:\\\/\\\/eoloceramica.com\\\/es\\\/producto\\\/mujer-estampado-eolo\\\/#breadcrumb\",\"itemListElement\":[{\"@type\":\"ListItem\",\"position\":1,\"name\":\"Portada\",\"item\":\"https:\\\/\\\/eoloceramica.com\\\/es\\\/\"},{\"@type\":\"ListItem\",\"position\":2,\"name\":\"Tienda\",\"item\":\"https:\\\/\\\/eoloceramica.com\\\/es\\\/tienda\\\/\"},{\"@type\":\"ListItem\",\"position\":3,\"name\":\"Escultura Mujer estampado Eolo\"}]},{\"@type\":\"WebSite\",\"@id\":\"https:\\\/\\\/eoloceramica.com\\\/es\\\/#website\",\"url\":\"https:\\\/\\\/eoloceramica.com\\\/es\\\/\",\"name\":\"Eolo Cer\u00e1mica\",\"description\":\"\",\"potentialAction\":[{\"@type\":\"SearchAction\",\"target\":{\"@type\":\"EntryPoint\",\"urlTemplate\":\"https:\\\/\\\/eoloceramica.com\\\/es\\\/?s={search_term_string}\"},\"query-input\":{\"@type\":\"PropertyValueSpecification\",\"valueRequired\":true,\"valueName\":\"search_term_string\"}}],\"inLanguage\":\"es\"}]}<\/script>\n<!-- \/ Yoast SEO plugin. -->","yoast_head_json":{"title":"Escultura Mujer estampado Eolo - Eolo Cer\u00e1mica","description":"Escultura Mujer estampado Eolo - Eolo Cer\u00e1mica","robots":{"index":"index","follow":"follow","max-snippet":"max-snippet:-1","max-image-preview":"max-image-preview:large","max-video-preview":"max-video-preview:-1"},"canonical":"https:\/\/eoloceramica.com\/es\/producto\/mujer-estampado-eolo\/","og_locale":"es_ES","og_type":"article","og_title":"Escultura Mujer estampado Eolo - Eolo Cer\u00e1mica","og_description":"Escultura Mujer estampado Eolo - Eolo Cer\u00e1mica","og_url":"https:\/\/eoloceramica.com\/es\/producto\/mujer-estampado-eolo\/","og_site_name":"Eolo Cer\u00e1mica","article_modified_time":"2022-03-24T11:22:43+00:00","og_image":[{"width":900,"height":900,"url":"https:\/\/eoloceramica.com\/wp-content\/uploads\/2020\/09\/eolo_ceramica_mujer_-azul.jpg","type":"image\/jpeg"}],"twitter_card":"summary_large_image","twitter_misc":{"Tiempo de lectura":"1 minuto"},"schema":{"@context":"https:\/\/schema.org","@graph":[{"@type":"WebPage","@id":"https:\/\/eoloceramica.com\/es\/producto\/mujer-estampado-eolo\/","url":"https:\/\/eoloceramica.com\/es\/producto\/mujer-estampado-eolo\/","name":"Escultura Mujer estampado Eolo - Eolo Cer\u00e1mica","isPartOf":{"@id":"https:\/\/eoloceramica.com\/es\/#website"},"primaryImageOfPage":{"@id":"https:\/\/eoloceramica.com\/es\/producto\/mujer-estampado-eolo\/#primaryimage"},"image":{"@id":"https:\/\/eoloceramica.com\/es\/producto\/mujer-estampado-eolo\/#primaryimage"},"thumbnailUrl":"https:\/\/eoloceramica.com\/wp-content\/uploads\/2020\/09\/eolo_ceramica_mujer_-azul.jpg","datePublished":"2020-09-18T21:15:00+00:00","dateModified":"2022-03-24T11:22:43+00:00","description":"Escultura Mujer estampado Eolo - Eolo Cer\u00e1mica","breadcrumb":{"@id":"https:\/\/eoloceramica.com\/es\/producto\/mujer-estampado-eolo\/#breadcrumb"},"inLanguage":"es","potentialAction":[{"@type":"ReadAction","target":[["https:\/\/eoloceramica.com\/es\/producto\/mujer-estampado-eolo\/"]]}]},{"@type":"ImageObject","inLanguage":"es","@id":"https:\/\/eoloceramica.com\/es\/producto\/mujer-estampado-eolo\/#primaryimage","url":"https:\/\/eoloceramica.com\/wp-content\/uploads\/2020\/09\/eolo_ceramica_mujer_-azul.jpg","contentUrl":"https:\/\/eoloceramica.com\/wp-content\/uploads\/2020\/09\/eolo_ceramica_mujer_-azul.jpg","width":900,"height":900},{"@type":"BreadcrumbList","@id":"https:\/\/eoloceramica.com\/es\/producto\/mujer-estampado-eolo\/#breadcrumb","itemListElement":[{"@type":"ListItem","position":1,"name":"Portada","item":"https:\/\/eoloceramica.com\/es\/"},{"@type":"ListItem","position":2,"name":"Tienda","item":"https:\/\/eoloceramica.com\/es\/tienda\/"},{"@type":"ListItem","position":3,"name":"Escultura Mujer estampado Eolo"}]},{"@type":"WebSite","@id":"https:\/\/eoloceramica.com\/es\/#website","url":"https:\/\/eoloceramica.com\/es\/","name":"Eolo Cer\u00e1mica","description":"","potentialAction":[{"@type":"SearchAction","target":{"@type":"EntryPoint","urlTemplate":"https:\/\/eoloceramica.com\/es\/?s={search_term_string}"},"query-input":{"@type":"PropertyValueSpecification","valueRequired":true,"valueName":"search_term_string"}}],"inLanguage":"es"}]}},"_links":{"self":[{"href":"https:\/\/eoloceramica.com\/es\/wp-json\/wp\/v2\/product\/5489","targetHints":{"allow":["GET"]}}],"collection":[{"href":"https:\/\/eoloceramica.com\/es\/wp-json\/wp\/v2\/product"}],"about":[{"href":"https:\/\/eoloceramica.com\/es\/wp-json\/wp\/v2\/types\/product"}],"replies":[{"embeddable":true,"href":"https:\/\/eoloceramica.com\/es\/wp-json\/wp\/v2\/comments?post=5489"}],"wp:featuredmedia":[{"embeddable":true,"href":"https:\/\/eoloceramica.com\/es\/wp-json\/wp\/v2\/media\/6308"}],"wp:attachment":[{"href":"https:\/\/eoloceramica.com\/es\/wp-json\/wp\/v2\/media?parent=5489"}],"wp:term":[{"taxonomy":"product_brand","embeddable":true,"href":"https:\/\/eoloceramica.com\/es\/wp-json\/wp\/v2\/product_brand?post=5489"},{"taxonomy":"product_cat","embeddable":true,"href":"https:\/\/eoloceramica.com\/es\/wp-json\/wp\/v2\/product_cat?post=5489"},{"taxonomy":"product_tag","embeddable":true,"href":"https:\/\/eoloceramica.com\/es\/wp-json\/wp\/v2\/product_tag?post=5489"}],"curies":[{"name":"wp","href":"https:\/\/api.w.org\/{rel}","templated":true}]}}