{"id":13872,"date":"2023-06-02T15:16:27","date_gmt":"2023-06-02T15:16:27","guid":{"rendered":"https:\/\/eoloceramica.com\/es\/?post_type=product&#038;p=13872"},"modified":"2023-06-02T15:16:28","modified_gmt":"2023-06-02T15:16:28","slug":"overseas-fish-collection","status":"publish","type":"product","link":"https:\/\/eoloceramica.com\/es\/producto\/coleccion-peces-ultramar\/","title":{"rendered":"Colecci\u00f3n peces ultramar"},"content":{"rendered":"<p>Llevamos los fondos marinos a tu hogar.<\/p>\n<p>Si deseas darle vida a tus ideas o historias, puedes consultarnos para hacerlas realidad. Figura modelada con barro blanco, primera cocci\u00f3n a 980\u00ba y vidriado a 1000\u00ba . Consultar precio para centros individuales.<\/p>\n<p>Tama\u00f1o aproximado: Grande 31x13x6cm , mediano 25x11x6cm , peque\u00f1o 20x9x6cm.<\/p>","protected":false},"excerpt":{"rendered":"<p>Llevamos los fondos marinos a tu hogar. Si deseas darle vida a tus ideas o historias, puedes consultarnos para hacerlas realidad. Figura modelada con barro blanco, primera cocci\u00f3n a 980\u00ba y vidriado a 1000\u00ba . Consultar precio para centros individuales. Tama\u00f1o aproximado: Grande 31x13x6cm , mediano 25x11x6cm , peque\u00f1o 20x9x6cm.<\/p>\n","protected":false},"featured_media":13873,"comment_status":"closed","ping_status":"closed","template":"","meta":[],"product_brand":[],"product_cat":[64],"product_tag":[],"class_list":{"0":"post-13872","1":"product","2":"type-product","3":"status-publish","4":"has-post-thumbnail","6":"product_cat-decoracion","8":"first","9":"instock","10":"shipping-taxable","11":"purchasable","12":"product-type-simple"},"yoast_head":"<!-- This site is optimized with the Yoast SEO plugin v27.3 - https:\/\/yoast.com\/product\/yoast-seo-wordpress\/ -->\n<title>Colecci\u00f3n peces ultramar - Eolo Cer\u00e1mica<\/title>\n<meta name=\"description\" content=\"Colecci\u00f3n peces ultramar - Eolo Cer\u00e1mica\" \/>\n<meta name=\"robots\" content=\"index, follow, max-snippet:-1, max-image-preview:large, max-video-preview:-1\" \/>\n<link rel=\"canonical\" href=\"https:\/\/eoloceramica.com\/es\/producto\/coleccion-peces-ultramar\/\" \/>\n<meta property=\"og:locale\" content=\"es_ES\" \/>\n<meta property=\"og:type\" content=\"article\" \/>\n<meta property=\"og:title\" content=\"Colecci\u00f3n peces ultramar - Eolo Cer\u00e1mica\" \/>\n<meta property=\"og:description\" content=\"Colecci\u00f3n peces ultramar - Eolo Cer\u00e1mica\" \/>\n<meta property=\"og:url\" content=\"https:\/\/eoloceramica.com\/es\/producto\/coleccion-peces-ultramar\/\" \/>\n<meta property=\"og:site_name\" content=\"Eolo Cer\u00e1mica\" \/>\n<meta property=\"article:modified_time\" content=\"2023-06-02T15:16:28+00:00\" \/>\n<meta property=\"og:image\" content=\"https:\/\/eoloceramica.com\/wp-content\/uploads\/2023\/06\/eolo_ceramica_centros_peces.jpg\" \/>\n\t<meta property=\"og:image:width\" content=\"768\" \/>\n\t<meta property=\"og:image:height\" content=\"768\" \/>\n\t<meta property=\"og:image:type\" content=\"image\/jpeg\" \/>\n<meta name=\"twitter:card\" content=\"summary_large_image\" \/>\n<meta name=\"twitter:label1\" content=\"Tiempo de lectura\" \/>\n\t<meta name=\"twitter:data1\" content=\"1 minuto\" \/>\n<script type=\"application\/ld+json\" class=\"yoast-schema-graph\">{\"@context\":\"https:\\\/\\\/schema.org\",\"@graph\":[{\"@type\":\"WebPage\",\"@id\":\"https:\\\/\\\/eoloceramica.com\\\/es\\\/producto\\\/coleccion-peces-ultramar\\\/\",\"url\":\"https:\\\/\\\/eoloceramica.com\\\/es\\\/producto\\\/coleccion-peces-ultramar\\\/\",\"name\":\"Colecci\u00f3n peces ultramar - Eolo Cer\u00e1mica\",\"isPartOf\":{\"@id\":\"https:\\\/\\\/eoloceramica.com\\\/es\\\/#website\"},\"primaryImageOfPage\":{\"@id\":\"https:\\\/\\\/eoloceramica.com\\\/es\\\/producto\\\/coleccion-peces-ultramar\\\/#primaryimage\"},\"image\":{\"@id\":\"https:\\\/\\\/eoloceramica.com\\\/es\\\/producto\\\/coleccion-peces-ultramar\\\/#primaryimage\"},\"thumbnailUrl\":\"https:\\\/\\\/eoloceramica.com\\\/wp-content\\\/uploads\\\/2023\\\/06\\\/eolo_ceramica_centros_peces.jpg\",\"datePublished\":\"2023-06-02T15:16:27+00:00\",\"dateModified\":\"2023-06-02T15:16:28+00:00\",\"description\":\"Colecci\u00f3n peces ultramar - Eolo Cer\u00e1mica\",\"breadcrumb\":{\"@id\":\"https:\\\/\\\/eoloceramica.com\\\/es\\\/producto\\\/coleccion-peces-ultramar\\\/#breadcrumb\"},\"inLanguage\":\"es\",\"potentialAction\":[{\"@type\":\"ReadAction\",\"target\":[[\"https:\\\/\\\/eoloceramica.com\\\/es\\\/producto\\\/coleccion-peces-ultramar\\\/\"]]}]},{\"@type\":\"ImageObject\",\"inLanguage\":\"es\",\"@id\":\"https:\\\/\\\/eoloceramica.com\\\/es\\\/producto\\\/coleccion-peces-ultramar\\\/#primaryimage\",\"url\":\"https:\\\/\\\/eoloceramica.com\\\/wp-content\\\/uploads\\\/2023\\\/06\\\/eolo_ceramica_centros_peces.jpg\",\"contentUrl\":\"https:\\\/\\\/eoloceramica.com\\\/wp-content\\\/uploads\\\/2023\\\/06\\\/eolo_ceramica_centros_peces.jpg\",\"width\":768,\"height\":768},{\"@type\":\"BreadcrumbList\",\"@id\":\"https:\\\/\\\/eoloceramica.com\\\/es\\\/producto\\\/coleccion-peces-ultramar\\\/#breadcrumb\",\"itemListElement\":[{\"@type\":\"ListItem\",\"position\":1,\"name\":\"Portada\",\"item\":\"https:\\\/\\\/eoloceramica.com\\\/es\\\/\"},{\"@type\":\"ListItem\",\"position\":2,\"name\":\"Tienda\",\"item\":\"https:\\\/\\\/eoloceramica.com\\\/es\\\/tienda\\\/\"},{\"@type\":\"ListItem\",\"position\":3,\"name\":\"Colecci\u00f3n peces ultramar\"}]},{\"@type\":\"WebSite\",\"@id\":\"https:\\\/\\\/eoloceramica.com\\\/es\\\/#website\",\"url\":\"https:\\\/\\\/eoloceramica.com\\\/es\\\/\",\"name\":\"Eolo Cer\u00e1mica\",\"description\":\"\",\"potentialAction\":[{\"@type\":\"SearchAction\",\"target\":{\"@type\":\"EntryPoint\",\"urlTemplate\":\"https:\\\/\\\/eoloceramica.com\\\/es\\\/?s={search_term_string}\"},\"query-input\":{\"@type\":\"PropertyValueSpecification\",\"valueRequired\":true,\"valueName\":\"search_term_string\"}}],\"inLanguage\":\"es\"}]}<\/script>\n<!-- \/ Yoast SEO plugin. -->","yoast_head_json":{"title":"Colecci\u00f3n peces ultramar - Eolo Cer\u00e1mica","description":"Colecci\u00f3n peces ultramar - Eolo Cer\u00e1mica","robots":{"index":"index","follow":"follow","max-snippet":"max-snippet:-1","max-image-preview":"max-image-preview:large","max-video-preview":"max-video-preview:-1"},"canonical":"https:\/\/eoloceramica.com\/es\/producto\/coleccion-peces-ultramar\/","og_locale":"es_ES","og_type":"article","og_title":"Colecci\u00f3n peces ultramar - Eolo Cer\u00e1mica","og_description":"Colecci\u00f3n peces ultramar - Eolo Cer\u00e1mica","og_url":"https:\/\/eoloceramica.com\/es\/producto\/coleccion-peces-ultramar\/","og_site_name":"Eolo Cer\u00e1mica","article_modified_time":"2023-06-02T15:16:28+00:00","og_image":[{"width":768,"height":768,"url":"https:\/\/eoloceramica.com\/wp-content\/uploads\/2023\/06\/eolo_ceramica_centros_peces.jpg","type":"image\/jpeg"}],"twitter_card":"summary_large_image","twitter_misc":{"Tiempo de lectura":"1 minuto"},"schema":{"@context":"https:\/\/schema.org","@graph":[{"@type":"WebPage","@id":"https:\/\/eoloceramica.com\/es\/producto\/coleccion-peces-ultramar\/","url":"https:\/\/eoloceramica.com\/es\/producto\/coleccion-peces-ultramar\/","name":"Colecci\u00f3n peces ultramar - Eolo Cer\u00e1mica","isPartOf":{"@id":"https:\/\/eoloceramica.com\/es\/#website"},"primaryImageOfPage":{"@id":"https:\/\/eoloceramica.com\/es\/producto\/coleccion-peces-ultramar\/#primaryimage"},"image":{"@id":"https:\/\/eoloceramica.com\/es\/producto\/coleccion-peces-ultramar\/#primaryimage"},"thumbnailUrl":"https:\/\/eoloceramica.com\/wp-content\/uploads\/2023\/06\/eolo_ceramica_centros_peces.jpg","datePublished":"2023-06-02T15:16:27+00:00","dateModified":"2023-06-02T15:16:28+00:00","description":"Colecci\u00f3n peces ultramar - Eolo Cer\u00e1mica","breadcrumb":{"@id":"https:\/\/eoloceramica.com\/es\/producto\/coleccion-peces-ultramar\/#breadcrumb"},"inLanguage":"es","potentialAction":[{"@type":"ReadAction","target":[["https:\/\/eoloceramica.com\/es\/producto\/coleccion-peces-ultramar\/"]]}]},{"@type":"ImageObject","inLanguage":"es","@id":"https:\/\/eoloceramica.com\/es\/producto\/coleccion-peces-ultramar\/#primaryimage","url":"https:\/\/eoloceramica.com\/wp-content\/uploads\/2023\/06\/eolo_ceramica_centros_peces.jpg","contentUrl":"https:\/\/eoloceramica.com\/wp-content\/uploads\/2023\/06\/eolo_ceramica_centros_peces.jpg","width":768,"height":768},{"@type":"BreadcrumbList","@id":"https:\/\/eoloceramica.com\/es\/producto\/coleccion-peces-ultramar\/#breadcrumb","itemListElement":[{"@type":"ListItem","position":1,"name":"Portada","item":"https:\/\/eoloceramica.com\/es\/"},{"@type":"ListItem","position":2,"name":"Tienda","item":"https:\/\/eoloceramica.com\/es\/tienda\/"},{"@type":"ListItem","position":3,"name":"Colecci\u00f3n peces ultramar"}]},{"@type":"WebSite","@id":"https:\/\/eoloceramica.com\/es\/#website","url":"https:\/\/eoloceramica.com\/es\/","name":"Eolo Cer\u00e1mica","description":"","potentialAction":[{"@type":"SearchAction","target":{"@type":"EntryPoint","urlTemplate":"https:\/\/eoloceramica.com\/es\/?s={search_term_string}"},"query-input":{"@type":"PropertyValueSpecification","valueRequired":true,"valueName":"search_term_string"}}],"inLanguage":"es"}]}},"_links":{"self":[{"href":"https:\/\/eoloceramica.com\/es\/wp-json\/wp\/v2\/product\/13872","targetHints":{"allow":["GET"]}}],"collection":[{"href":"https:\/\/eoloceramica.com\/es\/wp-json\/wp\/v2\/product"}],"about":[{"href":"https:\/\/eoloceramica.com\/es\/wp-json\/wp\/v2\/types\/product"}],"replies":[{"embeddable":true,"href":"https:\/\/eoloceramica.com\/es\/wp-json\/wp\/v2\/comments?post=13872"}],"wp:featuredmedia":[{"embeddable":true,"href":"https:\/\/eoloceramica.com\/es\/wp-json\/wp\/v2\/media\/13873"}],"wp:attachment":[{"href":"https:\/\/eoloceramica.com\/es\/wp-json\/wp\/v2\/media?parent=13872"}],"wp:term":[{"taxonomy":"product_brand","embeddable":true,"href":"https:\/\/eoloceramica.com\/es\/wp-json\/wp\/v2\/product_brand?post=13872"},{"taxonomy":"product_cat","embeddable":true,"href":"https:\/\/eoloceramica.com\/es\/wp-json\/wp\/v2\/product_cat?post=13872"},{"taxonomy":"product_tag","embeddable":true,"href":"https:\/\/eoloceramica.com\/es\/wp-json\/wp\/v2\/product_tag?post=13872"}],"curies":[{"name":"wp","href":"https:\/\/api.w.org\/{rel}","templated":true}]}}