{"id":13866,"date":"2023-06-02T15:00:28","date_gmt":"2023-06-02T15:00:28","guid":{"rendered":"https:\/\/eoloceramica.com\/es\/?post_type=product&#038;p=13866"},"modified":"2023-06-02T15:00:28","modified_gmt":"2023-06-02T15:00:28","slug":"abstract-design-lamp","status":"publish","type":"product","link":"https:\/\/eoloceramica.com\/es\/producto\/lampara-diseno-abstract\/","title":{"rendered":"L\u00e1mpara dise\u00f1o abstract"},"content":{"rendered":"<p>Ideal para un rinc\u00f3n de tu hogar. Tama\u00f1o: 35x16cm. Figura modelada con arcilla refractaria, primera cocci\u00f3n a 1000\u00ba y vidriado a 1060\u00ba Bajo demanda est\u00e1n disponibles en tonos azules, verdosos o rojizos. Solicite informaci\u00f3n. Los tama\u00f1os son siempre aproximados.<\/p>","protected":false},"excerpt":{"rendered":"<p>Ideal para un rinc\u00f3n de tu hogar. Tama\u00f1o: 35x16cm. Figura modelada con arcilla refractaria, primera cocci\u00f3n a 1000\u00ba y vidriado a 1060\u00ba Bajo demanda est\u00e1n disponibles en tonos azules, verdosos o rojizos. Solicite informaci\u00f3n. Los tama\u00f1os son siempre aproximados.<\/p>\n","protected":false},"featured_media":13867,"comment_status":"closed","ping_status":"closed","template":"","meta":[],"product_brand":[],"product_cat":[85],"product_tag":[],"class_list":{"0":"post-13866","1":"product","2":"type-product","3":"status-publish","4":"has-post-thumbnail","6":"product_cat-lamps","8":"first","9":"instock","10":"shipping-taxable","11":"purchasable","12":"product-type-simple"},"yoast_head":"<!-- This site is optimized with the Yoast SEO plugin v27.3 - https:\/\/yoast.com\/product\/yoast-seo-wordpress\/ -->\n<title>L\u00e1mpara dise\u00f1o abstract - Eolo Cer\u00e1mica<\/title>\n<meta name=\"description\" content=\"L\u00e1mpara dise\u00f1o abstract - Eolo Cer\u00e1mica\" \/>\n<meta name=\"robots\" content=\"index, follow, max-snippet:-1, max-image-preview:large, max-video-preview:-1\" \/>\n<link rel=\"canonical\" href=\"https:\/\/eoloceramica.com\/es\/producto\/lampara-diseno-abstract\/\" \/>\n<meta property=\"og:locale\" content=\"es_ES\" \/>\n<meta property=\"og:type\" content=\"article\" \/>\n<meta property=\"og:title\" content=\"L\u00e1mpara dise\u00f1o abstract - Eolo Cer\u00e1mica\" \/>\n<meta property=\"og:description\" content=\"L\u00e1mpara dise\u00f1o abstract - Eolo Cer\u00e1mica\" \/>\n<meta property=\"og:url\" content=\"https:\/\/eoloceramica.com\/es\/producto\/lampara-diseno-abstract\/\" \/>\n<meta property=\"og:site_name\" content=\"Eolo Cer\u00e1mica\" \/>\n<meta property=\"og:image\" content=\"https:\/\/eoloceramica.com\/wp-content\/uploads\/2023\/06\/eolo_ceramica_lampara_roja.jpg\" \/>\n\t<meta property=\"og:image:width\" content=\"768\" \/>\n\t<meta property=\"og:image:height\" content=\"768\" \/>\n\t<meta property=\"og:image:type\" content=\"image\/jpeg\" \/>\n<meta name=\"twitter:card\" content=\"summary_large_image\" \/>\n<meta name=\"twitter:label1\" content=\"Tiempo de lectura\" \/>\n\t<meta name=\"twitter:data1\" content=\"1 minuto\" \/>\n<script type=\"application\/ld+json\" class=\"yoast-schema-graph\">{\"@context\":\"https:\\\/\\\/schema.org\",\"@graph\":[{\"@type\":\"WebPage\",\"@id\":\"https:\\\/\\\/eoloceramica.com\\\/es\\\/producto\\\/lampara-diseno-abstract\\\/\",\"url\":\"https:\\\/\\\/eoloceramica.com\\\/es\\\/producto\\\/lampara-diseno-abstract\\\/\",\"name\":\"L\u00e1mpara dise\u00f1o abstract - Eolo Cer\u00e1mica\",\"isPartOf\":{\"@id\":\"https:\\\/\\\/eoloceramica.com\\\/es\\\/#website\"},\"primaryImageOfPage\":{\"@id\":\"https:\\\/\\\/eoloceramica.com\\\/es\\\/producto\\\/lampara-diseno-abstract\\\/#primaryimage\"},\"image\":{\"@id\":\"https:\\\/\\\/eoloceramica.com\\\/es\\\/producto\\\/lampara-diseno-abstract\\\/#primaryimage\"},\"thumbnailUrl\":\"https:\\\/\\\/eoloceramica.com\\\/wp-content\\\/uploads\\\/2023\\\/06\\\/eolo_ceramica_lampara_roja.jpg\",\"datePublished\":\"2023-06-02T15:00:28+00:00\",\"description\":\"L\u00e1mpara dise\u00f1o abstract - Eolo Cer\u00e1mica\",\"breadcrumb\":{\"@id\":\"https:\\\/\\\/eoloceramica.com\\\/es\\\/producto\\\/lampara-diseno-abstract\\\/#breadcrumb\"},\"inLanguage\":\"es\",\"potentialAction\":[{\"@type\":\"ReadAction\",\"target\":[[\"https:\\\/\\\/eoloceramica.com\\\/es\\\/producto\\\/lampara-diseno-abstract\\\/\"]]}]},{\"@type\":\"ImageObject\",\"inLanguage\":\"es\",\"@id\":\"https:\\\/\\\/eoloceramica.com\\\/es\\\/producto\\\/lampara-diseno-abstract\\\/#primaryimage\",\"url\":\"https:\\\/\\\/eoloceramica.com\\\/wp-content\\\/uploads\\\/2023\\\/06\\\/eolo_ceramica_lampara_roja.jpg\",\"contentUrl\":\"https:\\\/\\\/eoloceramica.com\\\/wp-content\\\/uploads\\\/2023\\\/06\\\/eolo_ceramica_lampara_roja.jpg\",\"width\":768,\"height\":768},{\"@type\":\"BreadcrumbList\",\"@id\":\"https:\\\/\\\/eoloceramica.com\\\/es\\\/producto\\\/lampara-diseno-abstract\\\/#breadcrumb\",\"itemListElement\":[{\"@type\":\"ListItem\",\"position\":1,\"name\":\"Portada\",\"item\":\"https:\\\/\\\/eoloceramica.com\\\/es\\\/\"},{\"@type\":\"ListItem\",\"position\":2,\"name\":\"Tienda\",\"item\":\"https:\\\/\\\/eoloceramica.com\\\/es\\\/tienda\\\/\"},{\"@type\":\"ListItem\",\"position\":3,\"name\":\"L\u00e1mpara dise\u00f1o abstract\"}]},{\"@type\":\"WebSite\",\"@id\":\"https:\\\/\\\/eoloceramica.com\\\/es\\\/#website\",\"url\":\"https:\\\/\\\/eoloceramica.com\\\/es\\\/\",\"name\":\"Eolo Cer\u00e1mica\",\"description\":\"\",\"potentialAction\":[{\"@type\":\"SearchAction\",\"target\":{\"@type\":\"EntryPoint\",\"urlTemplate\":\"https:\\\/\\\/eoloceramica.com\\\/es\\\/?s={search_term_string}\"},\"query-input\":{\"@type\":\"PropertyValueSpecification\",\"valueRequired\":true,\"valueName\":\"search_term_string\"}}],\"inLanguage\":\"es\"}]}<\/script>\n<!-- \/ Yoast SEO plugin. -->","yoast_head_json":{"title":"L\u00e1mpara dise\u00f1o abstract - Eolo Cer\u00e1mica","description":"L\u00e1mpara dise\u00f1o abstract - Eolo Cer\u00e1mica","robots":{"index":"index","follow":"follow","max-snippet":"max-snippet:-1","max-image-preview":"max-image-preview:large","max-video-preview":"max-video-preview:-1"},"canonical":"https:\/\/eoloceramica.com\/es\/producto\/lampara-diseno-abstract\/","og_locale":"es_ES","og_type":"article","og_title":"L\u00e1mpara dise\u00f1o abstract - Eolo Cer\u00e1mica","og_description":"L\u00e1mpara dise\u00f1o abstract - Eolo Cer\u00e1mica","og_url":"https:\/\/eoloceramica.com\/es\/producto\/lampara-diseno-abstract\/","og_site_name":"Eolo Cer\u00e1mica","og_image":[{"width":768,"height":768,"url":"https:\/\/eoloceramica.com\/wp-content\/uploads\/2023\/06\/eolo_ceramica_lampara_roja.jpg","type":"image\/jpeg"}],"twitter_card":"summary_large_image","twitter_misc":{"Tiempo de lectura":"1 minuto"},"schema":{"@context":"https:\/\/schema.org","@graph":[{"@type":"WebPage","@id":"https:\/\/eoloceramica.com\/es\/producto\/lampara-diseno-abstract\/","url":"https:\/\/eoloceramica.com\/es\/producto\/lampara-diseno-abstract\/","name":"L\u00e1mpara dise\u00f1o abstract - Eolo Cer\u00e1mica","isPartOf":{"@id":"https:\/\/eoloceramica.com\/es\/#website"},"primaryImageOfPage":{"@id":"https:\/\/eoloceramica.com\/es\/producto\/lampara-diseno-abstract\/#primaryimage"},"image":{"@id":"https:\/\/eoloceramica.com\/es\/producto\/lampara-diseno-abstract\/#primaryimage"},"thumbnailUrl":"https:\/\/eoloceramica.com\/wp-content\/uploads\/2023\/06\/eolo_ceramica_lampara_roja.jpg","datePublished":"2023-06-02T15:00:28+00:00","description":"L\u00e1mpara dise\u00f1o abstract - Eolo Cer\u00e1mica","breadcrumb":{"@id":"https:\/\/eoloceramica.com\/es\/producto\/lampara-diseno-abstract\/#breadcrumb"},"inLanguage":"es","potentialAction":[{"@type":"ReadAction","target":[["https:\/\/eoloceramica.com\/es\/producto\/lampara-diseno-abstract\/"]]}]},{"@type":"ImageObject","inLanguage":"es","@id":"https:\/\/eoloceramica.com\/es\/producto\/lampara-diseno-abstract\/#primaryimage","url":"https:\/\/eoloceramica.com\/wp-content\/uploads\/2023\/06\/eolo_ceramica_lampara_roja.jpg","contentUrl":"https:\/\/eoloceramica.com\/wp-content\/uploads\/2023\/06\/eolo_ceramica_lampara_roja.jpg","width":768,"height":768},{"@type":"BreadcrumbList","@id":"https:\/\/eoloceramica.com\/es\/producto\/lampara-diseno-abstract\/#breadcrumb","itemListElement":[{"@type":"ListItem","position":1,"name":"Portada","item":"https:\/\/eoloceramica.com\/es\/"},{"@type":"ListItem","position":2,"name":"Tienda","item":"https:\/\/eoloceramica.com\/es\/tienda\/"},{"@type":"ListItem","position":3,"name":"L\u00e1mpara dise\u00f1o abstract"}]},{"@type":"WebSite","@id":"https:\/\/eoloceramica.com\/es\/#website","url":"https:\/\/eoloceramica.com\/es\/","name":"Eolo Cer\u00e1mica","description":"","potentialAction":[{"@type":"SearchAction","target":{"@type":"EntryPoint","urlTemplate":"https:\/\/eoloceramica.com\/es\/?s={search_term_string}"},"query-input":{"@type":"PropertyValueSpecification","valueRequired":true,"valueName":"search_term_string"}}],"inLanguage":"es"}]}},"_links":{"self":[{"href":"https:\/\/eoloceramica.com\/es\/wp-json\/wp\/v2\/product\/13866","targetHints":{"allow":["GET"]}}],"collection":[{"href":"https:\/\/eoloceramica.com\/es\/wp-json\/wp\/v2\/product"}],"about":[{"href":"https:\/\/eoloceramica.com\/es\/wp-json\/wp\/v2\/types\/product"}],"replies":[{"embeddable":true,"href":"https:\/\/eoloceramica.com\/es\/wp-json\/wp\/v2\/comments?post=13866"}],"wp:featuredmedia":[{"embeddable":true,"href":"https:\/\/eoloceramica.com\/es\/wp-json\/wp\/v2\/media\/13867"}],"wp:attachment":[{"href":"https:\/\/eoloceramica.com\/es\/wp-json\/wp\/v2\/media?parent=13866"}],"wp:term":[{"taxonomy":"product_brand","embeddable":true,"href":"https:\/\/eoloceramica.com\/es\/wp-json\/wp\/v2\/product_brand?post=13866"},{"taxonomy":"product_cat","embeddable":true,"href":"https:\/\/eoloceramica.com\/es\/wp-json\/wp\/v2\/product_cat?post=13866"},{"taxonomy":"product_tag","embeddable":true,"href":"https:\/\/eoloceramica.com\/es\/wp-json\/wp\/v2\/product_tag?post=13866"}],"curies":[{"name":"wp","href":"https:\/\/api.w.org\/{rel}","templated":true}]}}