{"id":45,"date":"2020-08-18T13:44:35","date_gmt":"2020-08-18T13:44:35","guid":{"rendered":"https:\/\/eoloceramica.com\/?page_id=45"},"modified":"2022-05-25T15:47:47","modified_gmt":"2022-05-25T15:47:47","slug":"arturo-perez-reverte-foreword-to-the-exhibition-catalogue-iberian-and-the-sea","status":"publish","type":"page","link":"https:\/\/eoloceramica.com\/es\/arturo-perez-reverte-foreword-to-the-exhibition-catalogue-iberian-and-the-sea\/","title":{"rendered":"Presentaci\u00f3n de la exposici\u00f3n &#8220;Ib\u00e9rica y la Mar&#8221; por Arturo P\u00e9rez-Reverte"},"content":{"rendered":"<p><\/p>\r\n\r\n<p>La mujer y el mar. El Mediterr\u00e1neo, supongo, que desde hace tanto tiempo acoge cerca de sus orillas a Marisa Peaguda y su espl\u00e9ndido trabajo, con atardeceres rojos de vino y aceite e inmensidades azules salpicadas de velas blancas.<\/p>\r\n<p>Hace a\u00f1os que conozco el esfuerzo, la constante y tenaz dedicaci\u00f3n, el cuidado con que esas manos h\u00e1biles y l\u00facidas, tiernas como su mirada de artesana y artista, moldean el barro para convertirlo en materia de realidad y de sue\u00f1os traducidos al lenguaje pl\u00e1stico de la belleza.<\/p>\r\n<p>Ignoro cu\u00e1les ser\u00e1n los sentimientos femeninos ante su obra; pero un espectador var\u00f3n &#8211; al menos ese es mi caso- siente el lejano rumor de la sangre de Ulises, el de infinitos caminos, batiendo en sus venas y en su\u00a0 memoria gen\u00e9tica cuando se detiene ante esos barcos cuyas velas llena el viento de levante, los delfines que saltan junto al ojo negro pintado en la proa de las naves de los viejos h\u00e9roes fatigados, los caballitos de mar que parecen sonre\u00edr entre colores y luces que no son sino la trasposici\u00f3n exacta del color y la luz que anidan, generosos, en el esp\u00edritu delicado que mueve las manos que los cre\u00f3.<\/p>\r\n<p>En ese barco hecho forma y vestido de hermoso color se moldean tambi\u00e9n todas las mujeres &#8211; La Mujer- con cabellos de algas como trampas mal\u00e9ficas y deliciosas, de ramas de olivo y almendros en flor, mujeres aladas, mujeres arpistas, mujeres con libro, mujeres que miran y callan, observando el discurrir inmutable de los siglos, envueltas en vestiduras barrocas de s\u00edmbolos y colores fascinantes. Mujeres Helenas, Didos, Nausicaas, Pen\u00e9lopes que tejen y destejen en silencio el destino de los hombres arrojados a las playas de sus regazos.<\/p>\r\n<p>As\u00ed veo yo a Marisa Peaguda y su obra. Su forma y color luminosos, tan parecidos al coraz\u00f3n bondadoso del que nacen. Y es de justicia dejarlo escrito.<\/p>\r\n\r\n<p>Arturo P\u00e9rez-Reverte<\/p>\r\n\r\n<p>Presentaci\u00f3n de\u00a0 la exposici\u00f3n\u00a0 &#8220;\u00cdb\u00e9rica y la Mar&#8221;<\/p>\r\n\r\n<p>&nbsp;<\/p>\r\n\r\n<p>&nbsp;<\/p>\r\n\r\n<p><\/p>","protected":false},"excerpt":{"rendered":"<p>La mujer y el mar. El Mediterr\u00e1neo, supongo, que desde hace tanto tiempo acoge cerca de sus orillas a Marisa Peaguda y su espl\u00e9ndido trabajo, con atardeceres rojos de vino y aceite e inmensidades azules salpicadas de velas blancas. Hace a\u00f1os que conozco el esfuerzo, la constante y tenaz dedicaci\u00f3n, el cuidado con que esas [&hellip;]<\/p>\n","protected":false},"author":1,"featured_media":0,"parent":0,"menu_order":0,"comment_status":"closed","ping_status":"closed","template":"","meta":{"footnotes":""},"class_list":["post-45","page","type-page","status-publish","hentry"],"yoast_head":"<!-- This site is optimized with the Yoast SEO plugin v27.3 - https:\/\/yoast.com\/product\/yoast-seo-wordpress\/ -->\n<title>Presentaci\u00f3n de la exposici\u00f3n &quot;Ib\u00e9rica y la Mar&quot; por Arturo P\u00e9rez-Reverte - Eolo Cer\u00e1mica<\/title>\n<meta name=\"description\" content=\"Presentaci\u00f3n de la exposici\u00f3n &quot;Ib\u00e9rica y la Mar&quot; por Arturo P\u00e9rez-Reverte - Eolo Cer\u00e1mica\" \/>\n<meta name=\"robots\" content=\"index, follow, max-snippet:-1, max-image-preview:large, max-video-preview:-1\" \/>\n<link rel=\"canonical\" href=\"https:\/\/eoloceramica.com\/es\/arturo-perez-reverte-foreword-to-the-exhibition-catalogue-iberian-and-the-sea\/\" \/>\n<meta property=\"og:locale\" content=\"es_ES\" \/>\n<meta property=\"og:type\" content=\"article\" \/>\n<meta property=\"og:title\" content=\"Presentaci\u00f3n de la exposici\u00f3n &quot;Ib\u00e9rica y la Mar&quot; por Arturo P\u00e9rez-Reverte - Eolo Cer\u00e1mica\" \/>\n<meta property=\"og:description\" content=\"Presentaci\u00f3n de la exposici\u00f3n &quot;Ib\u00e9rica y la Mar&quot; por Arturo P\u00e9rez-Reverte - Eolo Cer\u00e1mica\" \/>\n<meta property=\"og:url\" content=\"https:\/\/eoloceramica.com\/es\/arturo-perez-reverte-foreword-to-the-exhibition-catalogue-iberian-and-the-sea\/\" \/>\n<meta property=\"og:site_name\" content=\"Eolo Cer\u00e1mica\" \/>\n<meta property=\"article:modified_time\" content=\"2022-05-25T15:47:47+00:00\" \/>\n<meta name=\"twitter:card\" content=\"summary_large_image\" \/>\n<meta name=\"twitter:label1\" content=\"Tiempo de lectura\" \/>\n\t<meta name=\"twitter:data1\" content=\"3 minutos\" \/>\n<script type=\"application\/ld+json\" class=\"yoast-schema-graph\">{\"@context\":\"https:\\\/\\\/schema.org\",\"@graph\":[{\"@type\":\"WebPage\",\"@id\":\"https:\\\/\\\/eoloceramica.com\\\/es\\\/arturo-perez-reverte-foreword-to-the-exhibition-catalogue-iberian-and-the-sea\\\/\",\"url\":\"https:\\\/\\\/eoloceramica.com\\\/es\\\/arturo-perez-reverte-foreword-to-the-exhibition-catalogue-iberian-and-the-sea\\\/\",\"name\":\"Presentaci\u00f3n de la exposici\u00f3n \\\"Ib\u00e9rica y la Mar\\\" por Arturo P\u00e9rez-Reverte - Eolo Cer\u00e1mica\",\"isPartOf\":{\"@id\":\"https:\\\/\\\/eoloceramica.com\\\/es\\\/#website\"},\"datePublished\":\"2020-08-18T13:44:35+00:00\",\"dateModified\":\"2022-05-25T15:47:47+00:00\",\"description\":\"Presentaci\u00f3n de la exposici\u00f3n \\\"Ib\u00e9rica y la Mar\\\" por Arturo P\u00e9rez-Reverte - Eolo Cer\u00e1mica\",\"breadcrumb\":{\"@id\":\"https:\\\/\\\/eoloceramica.com\\\/es\\\/arturo-perez-reverte-foreword-to-the-exhibition-catalogue-iberian-and-the-sea\\\/#breadcrumb\"},\"inLanguage\":\"es\",\"potentialAction\":[{\"@type\":\"ReadAction\",\"target\":[[\"https:\\\/\\\/eoloceramica.com\\\/es\\\/arturo-perez-reverte-foreword-to-the-exhibition-catalogue-iberian-and-the-sea\\\/\"]]}]},{\"@type\":\"BreadcrumbList\",\"@id\":\"https:\\\/\\\/eoloceramica.com\\\/es\\\/arturo-perez-reverte-foreword-to-the-exhibition-catalogue-iberian-and-the-sea\\\/#breadcrumb\",\"itemListElement\":[{\"@type\":\"ListItem\",\"position\":1,\"name\":\"Portada\",\"item\":\"https:\\\/\\\/eoloceramica.com\\\/es\\\/\"},{\"@type\":\"ListItem\",\"position\":2,\"name\":\"Presentaci\u00f3n de la exposici\u00f3n &#8220;Ib\u00e9rica y la Mar&#8221; por Arturo P\u00e9rez-Reverte\"}]},{\"@type\":\"WebSite\",\"@id\":\"https:\\\/\\\/eoloceramica.com\\\/es\\\/#website\",\"url\":\"https:\\\/\\\/eoloceramica.com\\\/es\\\/\",\"name\":\"Eolo Cer\u00e1mica\",\"description\":\"\",\"potentialAction\":[{\"@type\":\"SearchAction\",\"target\":{\"@type\":\"EntryPoint\",\"urlTemplate\":\"https:\\\/\\\/eoloceramica.com\\\/es\\\/?s={search_term_string}\"},\"query-input\":{\"@type\":\"PropertyValueSpecification\",\"valueRequired\":true,\"valueName\":\"search_term_string\"}}],\"inLanguage\":\"es\"}]}<\/script>\n<!-- \/ Yoast SEO plugin. -->","yoast_head_json":{"title":"Presentaci\u00f3n de la exposici\u00f3n \"Ib\u00e9rica y la Mar\" por Arturo P\u00e9rez-Reverte - Eolo Cer\u00e1mica","description":"Presentaci\u00f3n de la exposici\u00f3n \"Ib\u00e9rica y la Mar\" por Arturo P\u00e9rez-Reverte - Eolo Cer\u00e1mica","robots":{"index":"index","follow":"follow","max-snippet":"max-snippet:-1","max-image-preview":"max-image-preview:large","max-video-preview":"max-video-preview:-1"},"canonical":"https:\/\/eoloceramica.com\/es\/arturo-perez-reverte-foreword-to-the-exhibition-catalogue-iberian-and-the-sea\/","og_locale":"es_ES","og_type":"article","og_title":"Presentaci\u00f3n de la exposici\u00f3n \"Ib\u00e9rica y la Mar\" por Arturo P\u00e9rez-Reverte - Eolo Cer\u00e1mica","og_description":"Presentaci\u00f3n de la exposici\u00f3n \"Ib\u00e9rica y la Mar\" por Arturo P\u00e9rez-Reverte - Eolo Cer\u00e1mica","og_url":"https:\/\/eoloceramica.com\/es\/arturo-perez-reverte-foreword-to-the-exhibition-catalogue-iberian-and-the-sea\/","og_site_name":"Eolo Cer\u00e1mica","article_modified_time":"2022-05-25T15:47:47+00:00","twitter_card":"summary_large_image","twitter_misc":{"Tiempo de lectura":"3 minutos"},"schema":{"@context":"https:\/\/schema.org","@graph":[{"@type":"WebPage","@id":"https:\/\/eoloceramica.com\/es\/arturo-perez-reverte-foreword-to-the-exhibition-catalogue-iberian-and-the-sea\/","url":"https:\/\/eoloceramica.com\/es\/arturo-perez-reverte-foreword-to-the-exhibition-catalogue-iberian-and-the-sea\/","name":"Presentaci\u00f3n de la exposici\u00f3n \"Ib\u00e9rica y la Mar\" por Arturo P\u00e9rez-Reverte - Eolo Cer\u00e1mica","isPartOf":{"@id":"https:\/\/eoloceramica.com\/es\/#website"},"datePublished":"2020-08-18T13:44:35+00:00","dateModified":"2022-05-25T15:47:47+00:00","description":"Presentaci\u00f3n de la exposici\u00f3n \"Ib\u00e9rica y la Mar\" por Arturo P\u00e9rez-Reverte - Eolo Cer\u00e1mica","breadcrumb":{"@id":"https:\/\/eoloceramica.com\/es\/arturo-perez-reverte-foreword-to-the-exhibition-catalogue-iberian-and-the-sea\/#breadcrumb"},"inLanguage":"es","potentialAction":[{"@type":"ReadAction","target":[["https:\/\/eoloceramica.com\/es\/arturo-perez-reverte-foreword-to-the-exhibition-catalogue-iberian-and-the-sea\/"]]}]},{"@type":"BreadcrumbList","@id":"https:\/\/eoloceramica.com\/es\/arturo-perez-reverte-foreword-to-the-exhibition-catalogue-iberian-and-the-sea\/#breadcrumb","itemListElement":[{"@type":"ListItem","position":1,"name":"Portada","item":"https:\/\/eoloceramica.com\/es\/"},{"@type":"ListItem","position":2,"name":"Presentaci\u00f3n de la exposici\u00f3n &#8220;Ib\u00e9rica y la Mar&#8221; por Arturo P\u00e9rez-Reverte"}]},{"@type":"WebSite","@id":"https:\/\/eoloceramica.com\/es\/#website","url":"https:\/\/eoloceramica.com\/es\/","name":"Eolo Cer\u00e1mica","description":"","potentialAction":[{"@type":"SearchAction","target":{"@type":"EntryPoint","urlTemplate":"https:\/\/eoloceramica.com\/es\/?s={search_term_string}"},"query-input":{"@type":"PropertyValueSpecification","valueRequired":true,"valueName":"search_term_string"}}],"inLanguage":"es"}]}},"_links":{"self":[{"href":"https:\/\/eoloceramica.com\/es\/wp-json\/wp\/v2\/pages\/45","targetHints":{"allow":["GET"]}}],"collection":[{"href":"https:\/\/eoloceramica.com\/es\/wp-json\/wp\/v2\/pages"}],"about":[{"href":"https:\/\/eoloceramica.com\/es\/wp-json\/wp\/v2\/types\/page"}],"author":[{"embeddable":true,"href":"https:\/\/eoloceramica.com\/es\/wp-json\/wp\/v2\/users\/1"}],"replies":[{"embeddable":true,"href":"https:\/\/eoloceramica.com\/es\/wp-json\/wp\/v2\/comments?post=45"}],"version-history":[{"count":3,"href":"https:\/\/eoloceramica.com\/es\/wp-json\/wp\/v2\/pages\/45\/revisions"}],"predecessor-version":[{"id":7039,"href":"https:\/\/eoloceramica.com\/es\/wp-json\/wp\/v2\/pages\/45\/revisions\/7039"}],"wp:attachment":[{"href":"https:\/\/eoloceramica.com\/es\/wp-json\/wp\/v2\/media?parent=45"}],"curies":[{"name":"wp","href":"https:\/\/api.w.org\/{rel}","templated":true}]}}