{"id":18,"date":"2020-08-18T12:52:58","date_gmt":"2020-08-18T12:52:58","guid":{"rendered":"https:\/\/eoloceramica.com\/?page_id=18"},"modified":"2020-09-23T15:13:58","modified_gmt":"2020-09-23T15:13:58","slug":"el-estudio","status":"publish","type":"page","link":"https:\/\/eoloceramica.com\/es\/conocenos\/el-estudio\/","title":{"rendered":"El Estudio"},"content":{"rendered":"<p>El Estudio Eolo Cer\u00e1mica\u00a0 se crea en el a\u00f1o 1992\u00a0\u00a0respondiendo a las inquietudes pl\u00e1sticas de Marisa Peaguda, dedic\u00e1ndose desde entonces al dise\u00f1o, elaboraci\u00f3n y comercializaci\u00f3n de su cer\u00e1mica.<\/p>\n<p>Ofrece una gama de piezas de nueva creaci\u00f3n elaboradas con t\u00e9cnica tradicional rompiendo el antagonismo entre Tradici\u00f3n e Innovaci\u00f3n.<\/p>\n<p>Est\u00e1 dedicado tanto al interiorismo como a la decoraci\u00f3n, adapt\u00e1ndose a las necesidades de\u00a0\u00a0las personas interesadas. Utiliza\u00a0\u00a0t\u00e9cnicas de alta y baja temperatura para crear murales en exterior o interior, cuadros cer\u00e1micos, mobiliario, piezas funcionales, regalo de empresa o piezas decorativas.<\/p>\n<p>Est\u00e1\u00a0situado\u00a0en:<br \/>\nC\/Molino n\u00ba16 Bajo<br \/>\n30880\u00a0\u00c1guilas<br \/>\nMurcia<br \/>\nTel. +34 610 078 531<\/p>","protected":false},"excerpt":{"rendered":"<p>El Estudio Eolo Cer\u00e1mica\u00a0 se crea en el a\u00f1o 1992\u00a0\u00a0respondiendo a las inquietudes pl\u00e1sticas de Marisa Peaguda, dedic\u00e1ndose desde entonces al dise\u00f1o, elaboraci\u00f3n y comercializaci\u00f3n de su cer\u00e1mica. Ofrece una gama de piezas de nueva creaci\u00f3n elaboradas con t\u00e9cnica tradicional rompiendo el antagonismo entre Tradici\u00f3n e Innovaci\u00f3n. Est\u00e1 dedicado tanto al interiorismo como a la [&hellip;]<\/p>\n","protected":false},"author":1,"featured_media":0,"parent":15,"menu_order":0,"comment_status":"closed","ping_status":"open","template":"","meta":{"footnotes":""},"class_list":["post-18","page","type-page","status-publish","hentry"],"yoast_head":"<!-- This site is optimized with the Yoast SEO plugin v27.3 - https:\/\/yoast.com\/product\/yoast-seo-wordpress\/ -->\n<title>El Estudio - Eolo Cer\u00e1mica<\/title>\n<meta name=\"description\" content=\"El Estudio - Eolo Cer\u00e1mica\" \/>\n<meta name=\"robots\" content=\"index, follow, max-snippet:-1, max-image-preview:large, max-video-preview:-1\" \/>\n<link rel=\"canonical\" href=\"https:\/\/eoloceramica.com\/es\/about-us\/the-studio\/\" \/>\n<meta property=\"og:locale\" content=\"es_ES\" \/>\n<meta property=\"og:type\" content=\"article\" \/>\n<meta property=\"og:title\" content=\"El Estudio - Eolo Cer\u00e1mica\" \/>\n<meta property=\"og:description\" content=\"El Estudio - Eolo Cer\u00e1mica\" \/>\n<meta property=\"og:url\" content=\"https:\/\/eoloceramica.com\/es\/about-us\/the-studio\/\" \/>\n<meta property=\"og:site_name\" content=\"Eolo Cer\u00e1mica\" \/>\n<meta property=\"article:modified_time\" content=\"2020-09-23T15:13:58+00:00\" \/>\n<meta name=\"twitter:card\" content=\"summary_large_image\" \/>\n<meta name=\"twitter:label1\" content=\"Tiempo de lectura\" \/>\n\t<meta name=\"twitter:data1\" content=\"1 minuto\" \/>\n<script type=\"application\/ld+json\" class=\"yoast-schema-graph\">{\"@context\":\"https:\\\/\\\/schema.org\",\"@graph\":[{\"@type\":\"WebPage\",\"@id\":\"https:\\\/\\\/eoloceramica.com\\\/es\\\/about-us\\\/the-studio\\\/\",\"url\":\"https:\\\/\\\/eoloceramica.com\\\/es\\\/about-us\\\/the-studio\\\/\",\"name\":\"El Estudio - Eolo Cer\u00e1mica\",\"isPartOf\":{\"@id\":\"https:\\\/\\\/eoloceramica.com\\\/es\\\/#website\"},\"datePublished\":\"2020-08-18T12:52:58+00:00\",\"dateModified\":\"2020-09-23T15:13:58+00:00\",\"description\":\"El Estudio - Eolo Cer\u00e1mica\",\"breadcrumb\":{\"@id\":\"https:\\\/\\\/eoloceramica.com\\\/es\\\/about-us\\\/the-studio\\\/#breadcrumb\"},\"inLanguage\":\"es\",\"potentialAction\":[{\"@type\":\"ReadAction\",\"target\":[[\"https:\\\/\\\/eoloceramica.com\\\/es\\\/about-us\\\/the-studio\\\/\"]]}]},{\"@type\":\"BreadcrumbList\",\"@id\":\"https:\\\/\\\/eoloceramica.com\\\/es\\\/about-us\\\/the-studio\\\/#breadcrumb\",\"itemListElement\":[{\"@type\":\"ListItem\",\"position\":1,\"name\":\"Portada\",\"item\":\"https:\\\/\\\/eoloceramica.com\\\/es\\\/\"},{\"@type\":\"ListItem\",\"position\":2,\"name\":\"About Eolo Ceramics\",\"item\":\"https:\\\/\\\/eoloceramica.com\\\/es\\\/about-us\\\/\"},{\"@type\":\"ListItem\",\"position\":3,\"name\":\"El Estudio\"}]},{\"@type\":\"WebSite\",\"@id\":\"https:\\\/\\\/eoloceramica.com\\\/es\\\/#website\",\"url\":\"https:\\\/\\\/eoloceramica.com\\\/es\\\/\",\"name\":\"Eolo Cer\u00e1mica\",\"description\":\"\",\"potentialAction\":[{\"@type\":\"SearchAction\",\"target\":{\"@type\":\"EntryPoint\",\"urlTemplate\":\"https:\\\/\\\/eoloceramica.com\\\/es\\\/?s={search_term_string}\"},\"query-input\":{\"@type\":\"PropertyValueSpecification\",\"valueRequired\":true,\"valueName\":\"search_term_string\"}}],\"inLanguage\":\"es\"}]}<\/script>\n<!-- \/ Yoast SEO plugin. -->","yoast_head_json":{"title":"El Estudio - Eolo Cer\u00e1mica","description":"El Estudio - Eolo Cer\u00e1mica","robots":{"index":"index","follow":"follow","max-snippet":"max-snippet:-1","max-image-preview":"max-image-preview:large","max-video-preview":"max-video-preview:-1"},"canonical":"https:\/\/eoloceramica.com\/es\/about-us\/the-studio\/","og_locale":"es_ES","og_type":"article","og_title":"El Estudio - Eolo Cer\u00e1mica","og_description":"El Estudio - Eolo Cer\u00e1mica","og_url":"https:\/\/eoloceramica.com\/es\/about-us\/the-studio\/","og_site_name":"Eolo Cer\u00e1mica","article_modified_time":"2020-09-23T15:13:58+00:00","twitter_card":"summary_large_image","twitter_misc":{"Tiempo de lectura":"1 minuto"},"schema":{"@context":"https:\/\/schema.org","@graph":[{"@type":"WebPage","@id":"https:\/\/eoloceramica.com\/es\/about-us\/the-studio\/","url":"https:\/\/eoloceramica.com\/es\/about-us\/the-studio\/","name":"El Estudio - Eolo Cer\u00e1mica","isPartOf":{"@id":"https:\/\/eoloceramica.com\/es\/#website"},"datePublished":"2020-08-18T12:52:58+00:00","dateModified":"2020-09-23T15:13:58+00:00","description":"El Estudio - Eolo Cer\u00e1mica","breadcrumb":{"@id":"https:\/\/eoloceramica.com\/es\/about-us\/the-studio\/#breadcrumb"},"inLanguage":"es","potentialAction":[{"@type":"ReadAction","target":[["https:\/\/eoloceramica.com\/es\/about-us\/the-studio\/"]]}]},{"@type":"BreadcrumbList","@id":"https:\/\/eoloceramica.com\/es\/about-us\/the-studio\/#breadcrumb","itemListElement":[{"@type":"ListItem","position":1,"name":"Portada","item":"https:\/\/eoloceramica.com\/es\/"},{"@type":"ListItem","position":2,"name":"About Eolo Ceramics","item":"https:\/\/eoloceramica.com\/es\/about-us\/"},{"@type":"ListItem","position":3,"name":"El Estudio"}]},{"@type":"WebSite","@id":"https:\/\/eoloceramica.com\/es\/#website","url":"https:\/\/eoloceramica.com\/es\/","name":"Eolo Cer\u00e1mica","description":"","potentialAction":[{"@type":"SearchAction","target":{"@type":"EntryPoint","urlTemplate":"https:\/\/eoloceramica.com\/es\/?s={search_term_string}"},"query-input":{"@type":"PropertyValueSpecification","valueRequired":true,"valueName":"search_term_string"}}],"inLanguage":"es"}]}},"_links":{"self":[{"href":"https:\/\/eoloceramica.com\/es\/wp-json\/wp\/v2\/pages\/18","targetHints":{"allow":["GET"]}}],"collection":[{"href":"https:\/\/eoloceramica.com\/es\/wp-json\/wp\/v2\/pages"}],"about":[{"href":"https:\/\/eoloceramica.com\/es\/wp-json\/wp\/v2\/types\/page"}],"author":[{"embeddable":true,"href":"https:\/\/eoloceramica.com\/es\/wp-json\/wp\/v2\/users\/1"}],"replies":[{"embeddable":true,"href":"https:\/\/eoloceramica.com\/es\/wp-json\/wp\/v2\/comments?post=18"}],"version-history":[{"count":13,"href":"https:\/\/eoloceramica.com\/es\/wp-json\/wp\/v2\/pages\/18\/revisions"}],"predecessor-version":[{"id":6294,"href":"https:\/\/eoloceramica.com\/es\/wp-json\/wp\/v2\/pages\/18\/revisions\/6294"}],"up":[{"embeddable":true,"href":"https:\/\/eoloceramica.com\/es\/wp-json\/wp\/v2\/pages\/15"}],"wp:attachment":[{"href":"https:\/\/eoloceramica.com\/es\/wp-json\/wp\/v2\/media?parent=18"}],"curies":[{"name":"wp","href":"https:\/\/api.w.org\/{rel}","templated":true}]}}