{"id":15,"date":"2020-08-18T12:51:38","date_gmt":"2020-08-18T12:51:38","guid":{"rendered":"https:\/\/eoloceramica.com\/?page_id=15"},"modified":"2023-07-27T20:24:19","modified_gmt":"2023-07-27T20:24:19","slug":"conoce-eolo-ceramica","status":"publish","type":"page","link":"https:\/\/eoloceramica.com\/es\/conocenos\/","title":{"rendered":"Conoce Eolo Cer\u00e1mica"},"content":{"rendered":"<p>Te damos la bienvenida a un espacio en el que la cer\u00e1mica y el vidrio se mezclan en una b\u00fasqueda pl\u00e1stica creando un ambiente on\u00edrico y po\u00e9tico que invita a perderse entre tradici\u00f3n y vanguardia.<\/p>\r\n<p>El estudio Eolo Cer\u00e1mica, dirigido por Marisa Peaguda, inicia su andadura en el a\u00f1o 1992. Formada en la Escuela de Arte y Oficios, licenciada en Bellas Artes y Maestra Artesana, cuenta en su haber varios premios de cer\u00e1mica y el\u00a0\u00a0Mercurio de la C\u00e1mara de Comercio de Murcia y ha sido seleccionado para diversos proyectos en colaboraci\u00f3n con \u00a0el Instituto de Fomento y la Fundaci\u00f3n Espa\u00f1ola para la Artesan\u00eda, entre otros.<\/p>\r\n<p>Se\u00a0distingue\u00a0por\u00a0el\u00a0cuidado\u00a0artesano\u00a0con el\u00a0que\u00a0son\u00a0realizadas\u00a0cada\u00a0una\u00a0de\u00a0sus\u00a0piezas\u00a0y\u00a0por\u00a0el\u00a0colorido\u00a0del\u00a0vidriado\u00a0que\u00a0imprime\u00a0un\u00a0sello\u00a0personal de\u00a0di\u00e1logo\u00a0entre\u00a0la\u00a0obra\u00a0y el\u00a0autor.<\/p>\r\n<h2><b>Descubre la belleza de los decorados cer\u00e1micos y el fascinante mundo del arte<\/b><\/h2>\r\n<p><span style=\"font-weight: 400;\">A lo largo de la historia, la cer\u00e1mica se destaca como una forma de expresi\u00f3n \u00fanica y cautivadora. En Eolo Cer\u00e1mica,\u00a0 se fusionan la tradici\u00f3n y la vanguardia para dar vida a obras llenas de color y vida.\u00a0<\/span><\/p>\r\n<p><span style=\"font-weight: 400;\">D\u00e9jate envolver por la magia de los decorados cer\u00e1micos y los cuadros de cer\u00e1mica, y descubre c\u00f3mo estos objetos art\u00edsticos se convierten en la manifestaci\u00f3n tangible de emociones y sensaciones.<\/span><\/p>\r\n<p><span style=\"font-weight: 400;\">Desde sus inicios, Eolo Cer\u00e1mica ha sido una gu\u00eda de creatividad en el mundo de la cer\u00e1mica. Marisa ha canalizado su pasi\u00f3n por el arte en el estudio, donde cada pieza es concebida con amor y dedicaci\u00f3n.<\/span><\/p>\r\n<p><span style=\"font-weight: 400;\">Los reconocimientos obtenidos en el \u00e1mbito de la cer\u00e1mica y la colaboraci\u00f3n en proyectos con instituciones de renombre han consolidado la reputaci\u00f3n de Eolo Cer\u00e1mica como un referente art\u00edstico en Murcia y m\u00e1s all\u00e1.<\/span><\/p>\r\n<h3><b>La esencia de la cer\u00e1mica decorativa: Delicadeza y creatividad<\/b><\/h3>\r\n<p><span style=\"font-weight: 400;\">En Eolo Cer\u00e1mica, la cer\u00e1mica decorativa se convierte en el lienzo donde la creatividad se despliega sin l\u00edmites.\u00a0<\/span><\/p>\r\n<p><span style=\"font-weight: 400;\">Los decorados cer\u00e1micos son piezas \u00fanicas que fusionan colores vibrantes y formas envolventes, dando lugar a una b\u00fasqueda pl\u00e1stica que sorprende e inspira.\u00a0<\/span><\/p>\r\n<p><span style=\"font-weight: 400;\">Cada obra es el reflejo de la sensibilidad art\u00edstica de Marisa y el resultado de su di\u00e1logo \u00edntimo con la arcilla y el vidriado.<\/span><\/p>\r\n<h3><b>Cuadros de Cer\u00e1mica: La poes\u00eda materializada<\/b><\/h3>\r\n<p><span style=\"font-weight: 400;\">Los cuadros de cer\u00e1mica son la expresi\u00f3n m\u00e1xima del arte en el estudio de Eolo Cer\u00e1mica. Cada pieza trasciende las fronteras de lo convencional y se convierte en una manifestaci\u00f3n po\u00e9tica que conecta con las emociones m\u00e1s profundas del espectador.\u00a0<\/span><\/p>\r\n<p><span style=\"font-weight: 400;\">Estas obras \u00fanicas, creadas con pasi\u00f3n y t\u00e9cnica, transportan a quienes las contemplan a un viaje on\u00edrico y evocador.<\/span><\/p>\r\n<h3><b>Cursos de Cer\u00e1mica: Abriendo puertas a la creatividad<\/b><\/h3>\r\n<p><span style=\"font-weight: 400;\">Nuestra pasi\u00f3n por la cer\u00e1mica decorativa y los cuadros de cer\u00e1mica nos impulsa a compartir nuestro conocimiento y t\u00e9cnica a trav\u00e9s de nuestros emocionantes cursos de cer\u00e1mica.\u00a0<\/span><\/p>\r\n<p><span style=\"font-weight: 400;\">Descubre la magia de crear decorados cer\u00e1micos \u00fanicos y expresar tu creatividad en cada pieza. En nuestros talleres de cer\u00e1mica y alfarer\u00eda, aprender\u00e1s a dar vida a tus ideas, creando cuadros con cer\u00e1mica excepcionales que reflejan tu estilo y esencia.<\/span><\/p>\r\n<p><span style=\"font-weight: 400;\">Nuestro equipo de artistas, guiados por Marisa Peaguda, te guiar\u00e1n paso a paso, compartiendo t\u00e9cnicas que te ayudar\u00e1n a crear piezas inolvidables.<\/span><\/p>\r\n<p><span style=\"font-weight: 400;\">Estos talleres est\u00e1n dise\u00f1ados para todos los entusiastas del arte, sin importar su nivel de experiencia. Desde principiantes que desean adentrarse en el mundo de la cer\u00e1mica hasta artistas con conocimientos previos que buscan perfeccionar sus t\u00e9cnicas, los cursos de cer\u00e1mica en Eolo Cer\u00e1mica ofrecen un espacio de aprendizaje y crecimiento personal.<\/span><\/p>\r\n<h2><b>\u00a1Inscr\u00edbete ahora!<\/b><\/h2>\r\n<p><span style=\"font-weight: 400;\">En Eolo Cer\u00e1mica, buscamos inspirar a nuestros alumnos y clientes, d\u00e1ndoles una experiencia enriquecedora que va m\u00e1s all\u00e1 de la cer\u00e1mica.\u00a0<\/span><\/p>\r\n<p><span style=\"font-weight: 400;\">Si est\u00e1s buscando un curso de cer\u00e1mica que te permita desarrollar tus habilidades art\u00edsticas y sumergirte en el mundo de los decorados cer\u00e1micos y cuadros de cer\u00e1mica, \u00a1has llegado al lugar indicado!\u00a0<\/span><\/p>\r\n<p><span style=\"font-weight: 400;\">No esperes m\u00e1s para embarcarte en este emocionante viaje art\u00edstico. Inscr\u00edbete en nuestros cursos de cer\u00e1mica y descubre la belleza de la cer\u00e1mica decorativa y los cuadros de cer\u00e1mica.\u00a0<\/span><\/p>\r\n<p><strong>\u00a1Eolo Cer\u00e1mica te espera con los brazos abiertos para compartir contigo el apasionante arte de la cer\u00e1mica!<\/strong><\/p>","protected":false},"excerpt":{"rendered":"<p>Te damos la bienvenida a un espacio en el que la cer\u00e1mica y el vidrio se mezclan en una b\u00fasqueda pl\u00e1stica creando un ambiente on\u00edrico y po\u00e9tico que invita a perderse entre tradici\u00f3n y vanguardia. El estudio Eolo Cer\u00e1mica, dirigido por Marisa Peaguda, inicia su andadura en el a\u00f1o 1992. Formada en la Escuela de [&hellip;]<\/p>\n","protected":false},"author":1,"featured_media":0,"parent":0,"menu_order":0,"comment_status":"closed","ping_status":"closed","template":"","meta":{"footnotes":""},"class_list":["post-15","page","type-page","status-publish","hentry"],"yoast_head":"<!-- This site is optimized with the Yoast SEO plugin v27.4 - https:\/\/yoast.com\/product\/yoast-seo-wordpress\/ -->\n<title>Decorados cer\u00e1micos \u00fanicos - Impresiona con estilo<\/title>\n<meta name=\"description\" content=\"Transforma tus espacios con arte y nuestros decorados cer\u00e1micos. \u00a1Crea cuadros con cer\u00e1mica en nuestro curso de cer\u00e1mica y sorpr\u00e9ndete!\" \/>\n<meta name=\"robots\" content=\"index, follow, max-snippet:-1, max-image-preview:large, max-video-preview:-1\" \/>\n<link rel=\"canonical\" href=\"https:\/\/eoloceramica.com\/es\/conocenos\/\" \/>\n<meta property=\"og:locale\" content=\"es_ES\" \/>\n<meta property=\"og:type\" content=\"article\" \/>\n<meta property=\"og:title\" content=\"Decorados cer\u00e1micos \u00fanicos - Impresiona con estilo\" \/>\n<meta property=\"og:description\" content=\"Transforma tus espacios con arte y nuestros decorados cer\u00e1micos. \u00a1Crea cuadros con cer\u00e1mica en nuestro curso de cer\u00e1mica y sorpr\u00e9ndete!\" \/>\n<meta property=\"og:url\" content=\"https:\/\/eoloceramica.com\/es\/conocenos\/\" \/>\n<meta property=\"og:site_name\" content=\"Eolo Cer\u00e1mica\" \/>\n<meta property=\"article:modified_time\" content=\"2023-07-27T20:24:19+00:00\" \/>\n<meta name=\"twitter:card\" content=\"summary_large_image\" \/>\n<meta name=\"twitter:label1\" content=\"Tiempo de lectura\" \/>\n\t<meta name=\"twitter:data1\" content=\"3 minutos\" \/>\n<script type=\"application\/ld+json\" class=\"yoast-schema-graph\">{\"@context\":\"https:\\\/\\\/schema.org\",\"@graph\":[{\"@type\":\"WebPage\",\"@id\":\"https:\\\/\\\/eoloceramica.com\\\/es\\\/about-us\\\/\",\"url\":\"https:\\\/\\\/eoloceramica.com\\\/es\\\/conocenos\\\/\",\"name\":\"Decorados cer\u00e1micos \u00fanicos - Impresiona con estilo\",\"isPartOf\":{\"@id\":\"https:\\\/\\\/eoloceramica.com\\\/es\\\/#website\"},\"datePublished\":\"2020-08-18T12:51:38+00:00\",\"dateModified\":\"2023-07-27T20:24:19+00:00\",\"description\":\"Transforma tus espacios con arte y nuestros decorados cer\u00e1micos. \u00a1Crea cuadros con cer\u00e1mica en nuestro curso de cer\u00e1mica y sorpr\u00e9ndete!\",\"breadcrumb\":{\"@id\":\"https:\\\/\\\/eoloceramica.com\\\/es\\\/conocenos\\\/#breadcrumb\"},\"inLanguage\":\"es\",\"potentialAction\":[{\"@type\":\"ReadAction\",\"target\":[[\"https:\\\/\\\/eoloceramica.com\\\/es\\\/conocenos\\\/\"]]}]},{\"@type\":\"BreadcrumbList\",\"@id\":\"https:\\\/\\\/eoloceramica.com\\\/es\\\/conocenos\\\/#breadcrumb\",\"itemListElement\":[{\"@type\":\"ListItem\",\"position\":1,\"name\":\"Portada\",\"item\":\"https:\\\/\\\/eoloceramica.com\\\/es\\\/\"},{\"@type\":\"ListItem\",\"position\":2,\"name\":\"About Eolo Ceramics\"}]},{\"@type\":\"WebSite\",\"@id\":\"https:\\\/\\\/eoloceramica.com\\\/es\\\/#website\",\"url\":\"https:\\\/\\\/eoloceramica.com\\\/es\\\/\",\"name\":\"Eolo Cer\u00e1mica\",\"description\":\"\",\"potentialAction\":[{\"@type\":\"SearchAction\",\"target\":{\"@type\":\"EntryPoint\",\"urlTemplate\":\"https:\\\/\\\/eoloceramica.com\\\/es\\\/?s={search_term_string}\"},\"query-input\":{\"@type\":\"PropertyValueSpecification\",\"valueRequired\":true,\"valueName\":\"search_term_string\"}}],\"inLanguage\":\"es\"}]}<\/script>\n<!-- \/ Yoast SEO plugin. -->","yoast_head_json":{"title":"Decorados cer\u00e1micos \u00fanicos - Impresiona con estilo","description":"Transforma tus espacios con arte y nuestros decorados cer\u00e1micos. \u00a1Crea cuadros con cer\u00e1mica en nuestro curso de cer\u00e1mica y sorpr\u00e9ndete!","robots":{"index":"index","follow":"follow","max-snippet":"max-snippet:-1","max-image-preview":"max-image-preview:large","max-video-preview":"max-video-preview:-1"},"canonical":"https:\/\/eoloceramica.com\/es\/conocenos\/","og_locale":"es_ES","og_type":"article","og_title":"Decorados cer\u00e1micos \u00fanicos - Impresiona con estilo","og_description":"Transforma tus espacios con arte y nuestros decorados cer\u00e1micos. \u00a1Crea cuadros con cer\u00e1mica en nuestro curso de cer\u00e1mica y sorpr\u00e9ndete!","og_url":"https:\/\/eoloceramica.com\/es\/conocenos\/","og_site_name":"Eolo Cer\u00e1mica","article_modified_time":"2023-07-27T20:24:19+00:00","twitter_card":"summary_large_image","twitter_misc":{"Tiempo de lectura":"3 minutos"},"schema":{"@context":"https:\/\/schema.org","@graph":[{"@type":"WebPage","@id":"https:\/\/eoloceramica.com\/es\/about-us\/","url":"https:\/\/eoloceramica.com\/es\/conocenos\/","name":"Decorados cer\u00e1micos \u00fanicos - Impresiona con estilo","isPartOf":{"@id":"https:\/\/eoloceramica.com\/es\/#website"},"datePublished":"2020-08-18T12:51:38+00:00","dateModified":"2023-07-27T20:24:19+00:00","description":"Transforma tus espacios con arte y nuestros decorados cer\u00e1micos. \u00a1Crea cuadros con cer\u00e1mica en nuestro curso de cer\u00e1mica y sorpr\u00e9ndete!","breadcrumb":{"@id":"https:\/\/eoloceramica.com\/es\/conocenos\/#breadcrumb"},"inLanguage":"es","potentialAction":[{"@type":"ReadAction","target":[["https:\/\/eoloceramica.com\/es\/conocenos\/"]]}]},{"@type":"BreadcrumbList","@id":"https:\/\/eoloceramica.com\/es\/conocenos\/#breadcrumb","itemListElement":[{"@type":"ListItem","position":1,"name":"Portada","item":"https:\/\/eoloceramica.com\/es\/"},{"@type":"ListItem","position":2,"name":"About Eolo Ceramics"}]},{"@type":"WebSite","@id":"https:\/\/eoloceramica.com\/es\/#website","url":"https:\/\/eoloceramica.com\/es\/","name":"Eolo Cer\u00e1mica","description":"","potentialAction":[{"@type":"SearchAction","target":{"@type":"EntryPoint","urlTemplate":"https:\/\/eoloceramica.com\/es\/?s={search_term_string}"},"query-input":{"@type":"PropertyValueSpecification","valueRequired":true,"valueName":"search_term_string"}}],"inLanguage":"es"}]}},"_links":{"self":[{"href":"https:\/\/eoloceramica.com\/es\/wp-json\/wp\/v2\/pages\/15","targetHints":{"allow":["GET"]}}],"collection":[{"href":"https:\/\/eoloceramica.com\/es\/wp-json\/wp\/v2\/pages"}],"about":[{"href":"https:\/\/eoloceramica.com\/es\/wp-json\/wp\/v2\/types\/page"}],"author":[{"embeddable":true,"href":"https:\/\/eoloceramica.com\/es\/wp-json\/wp\/v2\/users\/1"}],"replies":[{"embeddable":true,"href":"https:\/\/eoloceramica.com\/es\/wp-json\/wp\/v2\/comments?post=15"}],"version-history":[{"count":13,"href":"https:\/\/eoloceramica.com\/es\/wp-json\/wp\/v2\/pages\/15\/revisions"}],"predecessor-version":[{"id":14109,"href":"https:\/\/eoloceramica.com\/es\/wp-json\/wp\/v2\/pages\/15\/revisions\/14109"}],"wp:attachment":[{"href":"https:\/\/eoloceramica.com\/es\/wp-json\/wp\/v2\/media?parent=15"}],"curies":[{"name":"wp","href":"https:\/\/api.w.org\/{rel}","templated":true}]}}