{"id":10,"date":"2020-08-18T12:47:20","date_gmt":"2020-08-18T12:47:20","guid":{"rendered":"https:\/\/eoloceramica.com\/?page_id=10"},"modified":"2022-12-28T01:27:20","modified_gmt":"2022-12-28T01:27:20","slug":"piezas-ceramicas-para-interiorismo-y-decoracion-con-diseno-personalizado","status":"publish","type":"page","link":"https:\/\/eoloceramica.com\/es\/","title":{"rendered":"Piezas cer\u00e1micas para interiorismo y decoraci\u00f3n con dise\u00f1o personalizado"},"content":{"rendered":"<div class=\"home-boxes\"><div class=\"widget_text box\"><div class=\"box-title\">Cat\u00e1logo<\/div><div class=\"textwidget custom-html-widget\">Descubre todo un desfile de colorido y vida en nuestro cat\u00e1logo de productos.\r\n\r\n<a href=\"https:\/\/eoloceramica.com\/es\/catalogos\/\">Leer<\/a><\/div><\/div><div class=\"widget_text box\"><div class=\"box-title\">Presentaci\u00f3n<\/div><div class=\"textwidget custom-html-widget\">Lee lo que escribe Arturo P\u00e9rez Reverte sobre la exposici\u00f3n \"Ib\u00e9rica y la Mar\".\r\n\r\n<a href=\"https:\/\/eoloceramica.com\/es\/conoce-eolo-ceramica\/arturo-perez-reverte\/\">Leer<\/a><\/div><\/div><\/div>\n<div class=\"home-slider innerfade fade-home-slider\" alt=\"medium\"><ul><li><img decoding=\"async\" src=\"https:\/\/eoloceramica.com\/wp-content\/uploads\/2020\/09\/eolo_ceramica_modernismo.jpg\" alt=\"\" \/><\/li><li><img decoding=\"async\" src=\"https:\/\/eoloceramica.com\/wp-content\/uploads\/2020\/09\/eolo_ceramica_maestra-2-450x450.jpg\" alt=\"\" \/><\/li><li><img decoding=\"async\" src=\"https:\/\/eoloceramica.com\/wp-content\/uploads\/2020\/09\/eolo_ceramica_peces_rojos-450x450.jpg\" alt=\"\" \/><\/li><li><img decoding=\"async\" src=\"https:\/\/eoloceramica.com\/wp-content\/uploads\/2021\/02\/eolo_ceramica_marina-1-450x450.jpg\" alt=\"\" \/><\/li><\/ul><\/div>\n","protected":false},"excerpt":{"rendered":"","protected":false},"author":1,"featured_media":0,"parent":0,"menu_order":0,"comment_status":"closed","ping_status":"open","template":"","meta":{"footnotes":""},"class_list":["post-10","page","type-page","status-publish","hentry"],"yoast_head":"<!-- This site is optimized with the Yoast SEO plugin v27.3 - https:\/\/yoast.com\/product\/yoast-seo-wordpress\/ -->\n<title>Eolo Cer\u00e1mica - Tienda de Cer\u00e1micas Personalizadas<\/title>\n<meta name=\"description\" content=\"Cer\u00e1micas personalizadas, decoraci\u00f3n, azulejos, luminarias, cuadros, esculturas y arreglos para navidad\" \/>\n<meta name=\"robots\" content=\"index, follow, max-snippet:-1, max-image-preview:large, max-video-preview:-1\" \/>\n<link rel=\"canonical\" href=\"https:\/\/eoloceramica.com\/es\/\" \/>\n<meta property=\"og:locale\" content=\"es_ES\" \/>\n<meta property=\"og:type\" content=\"article\" \/>\n<meta property=\"og:title\" content=\"Eolo Cer\u00e1mica - Tienda de Cer\u00e1micas Personalizadas\" \/>\n<meta property=\"og:description\" content=\"Cer\u00e1micas personalizadas, decoraci\u00f3n, azulejos, luminarias, cuadros, esculturas y arreglos para navidad\" \/>\n<meta property=\"og:url\" content=\"https:\/\/eoloceramica.com\/es\/\" \/>\n<meta property=\"og:site_name\" content=\"Eolo Cer\u00e1mica\" \/>\n<meta property=\"article:modified_time\" content=\"2022-12-28T01:27:20+00:00\" \/>\n<meta name=\"twitter:card\" content=\"summary_large_image\" \/>\n<meta name=\"twitter:label1\" content=\"Tiempo de lectura\" \/>\n\t<meta name=\"twitter:data1\" content=\"1 minuto\" \/>\n<script type=\"application\/ld+json\" class=\"yoast-schema-graph\">{\"@context\":\"https:\\\/\\\/schema.org\",\"@graph\":[{\"@type\":\"WebPage\",\"@id\":\"https:\\\/\\\/eoloceramica.com\\\/es\\\/\",\"url\":\"https:\\\/\\\/eoloceramica.com\\\/es\\\/\",\"name\":\"Eolo Cer\u00e1mica - Tienda de Cer\u00e1micas Personalizadas\",\"isPartOf\":{\"@id\":\"https:\\\/\\\/eoloceramica.com\\\/es\\\/#website\"},\"datePublished\":\"2020-08-18T12:47:20+00:00\",\"dateModified\":\"2022-12-28T01:27:20+00:00\",\"description\":\"Cer\u00e1micas personalizadas, decoraci\u00f3n, azulejos, luminarias, cuadros, esculturas y arreglos para navidad\",\"breadcrumb\":{\"@id\":\"https:\\\/\\\/eoloceramica.com\\\/es\\\/#breadcrumb\"},\"inLanguage\":\"es\",\"potentialAction\":[{\"@type\":\"ReadAction\",\"target\":[[\"https:\\\/\\\/eoloceramica.com\\\/es\\\/\"]]}]},{\"@type\":\"BreadcrumbList\",\"@id\":\"https:\\\/\\\/eoloceramica.com\\\/es\\\/#breadcrumb\",\"itemListElement\":[{\"@type\":\"ListItem\",\"position\":1,\"name\":\"Portada\",\"item\":\"https:\\\/\\\/eoloceramica.com\\\/es\\\/\"},{\"@type\":\"ListItem\",\"position\":2,\"name\":\"Piezas cer\u00e1micas para interiorismo y decoraci\u00f3n con dise\u00f1o personalizado\"}]},{\"@type\":\"WebSite\",\"@id\":\"https:\\\/\\\/eoloceramica.com\\\/es\\\/#website\",\"url\":\"https:\\\/\\\/eoloceramica.com\\\/es\\\/\",\"name\":\"Eolo Cer\u00e1mica\",\"description\":\"\",\"potentialAction\":[{\"@type\":\"SearchAction\",\"target\":{\"@type\":\"EntryPoint\",\"urlTemplate\":\"https:\\\/\\\/eoloceramica.com\\\/es\\\/?s={search_term_string}\"},\"query-input\":{\"@type\":\"PropertyValueSpecification\",\"valueRequired\":true,\"valueName\":\"search_term_string\"}}],\"inLanguage\":\"es\"}]}<\/script>\n<!-- \/ Yoast SEO plugin. -->","yoast_head_json":{"title":"Eolo Cer\u00e1mica - Tienda de Cer\u00e1micas Personalizadas","description":"Cer\u00e1micas personalizadas, decoraci\u00f3n, azulejos, luminarias, cuadros, esculturas y arreglos para navidad","robots":{"index":"index","follow":"follow","max-snippet":"max-snippet:-1","max-image-preview":"max-image-preview:large","max-video-preview":"max-video-preview:-1"},"canonical":"https:\/\/eoloceramica.com\/es\/","og_locale":"es_ES","og_type":"article","og_title":"Eolo Cer\u00e1mica - Tienda de Cer\u00e1micas Personalizadas","og_description":"Cer\u00e1micas personalizadas, decoraci\u00f3n, azulejos, luminarias, cuadros, esculturas y arreglos para navidad","og_url":"https:\/\/eoloceramica.com\/es\/","og_site_name":"Eolo Cer\u00e1mica","article_modified_time":"2022-12-28T01:27:20+00:00","twitter_card":"summary_large_image","twitter_misc":{"Tiempo de lectura":"1 minuto"},"schema":{"@context":"https:\/\/schema.org","@graph":[{"@type":"WebPage","@id":"https:\/\/eoloceramica.com\/es\/","url":"https:\/\/eoloceramica.com\/es\/","name":"Eolo Cer\u00e1mica - Tienda de Cer\u00e1micas Personalizadas","isPartOf":{"@id":"https:\/\/eoloceramica.com\/es\/#website"},"datePublished":"2020-08-18T12:47:20+00:00","dateModified":"2022-12-28T01:27:20+00:00","description":"Cer\u00e1micas personalizadas, decoraci\u00f3n, azulejos, luminarias, cuadros, esculturas y arreglos para navidad","breadcrumb":{"@id":"https:\/\/eoloceramica.com\/es\/#breadcrumb"},"inLanguage":"es","potentialAction":[{"@type":"ReadAction","target":[["https:\/\/eoloceramica.com\/es\/"]]}]},{"@type":"BreadcrumbList","@id":"https:\/\/eoloceramica.com\/es\/#breadcrumb","itemListElement":[{"@type":"ListItem","position":1,"name":"Portada","item":"https:\/\/eoloceramica.com\/es\/"},{"@type":"ListItem","position":2,"name":"Piezas cer\u00e1micas para interiorismo y decoraci\u00f3n con dise\u00f1o personalizado"}]},{"@type":"WebSite","@id":"https:\/\/eoloceramica.com\/es\/#website","url":"https:\/\/eoloceramica.com\/es\/","name":"Eolo Cer\u00e1mica","description":"","potentialAction":[{"@type":"SearchAction","target":{"@type":"EntryPoint","urlTemplate":"https:\/\/eoloceramica.com\/es\/?s={search_term_string}"},"query-input":{"@type":"PropertyValueSpecification","valueRequired":true,"valueName":"search_term_string"}}],"inLanguage":"es"}]}},"_links":{"self":[{"href":"https:\/\/eoloceramica.com\/es\/wp-json\/wp\/v2\/pages\/10","targetHints":{"allow":["GET"]}}],"collection":[{"href":"https:\/\/eoloceramica.com\/es\/wp-json\/wp\/v2\/pages"}],"about":[{"href":"https:\/\/eoloceramica.com\/es\/wp-json\/wp\/v2\/types\/page"}],"author":[{"embeddable":true,"href":"https:\/\/eoloceramica.com\/es\/wp-json\/wp\/v2\/users\/1"}],"replies":[{"embeddable":true,"href":"https:\/\/eoloceramica.com\/es\/wp-json\/wp\/v2\/comments?post=10"}],"version-history":[{"count":63,"href":"https:\/\/eoloceramica.com\/es\/wp-json\/wp\/v2\/pages\/10\/revisions"}],"predecessor-version":[{"id":7062,"href":"https:\/\/eoloceramica.com\/es\/wp-json\/wp\/v2\/pages\/10\/revisions\/7062"}],"wp:attachment":[{"href":"https:\/\/eoloceramica.com\/es\/wp-json\/wp\/v2\/media?parent=10"}],"curies":[{"name":"wp","href":"https:\/\/api.w.org\/{rel}","templated":true}]}}